{"id":883,"date":"2023-02-07T20:42:28","date_gmt":"2023-02-07T19:42:28","guid":{"rendered":"https:\/\/tobiaskaspar.de\/?page_id=883"},"modified":"2025-02-12T22:11:11","modified_gmt":"2025-02-12T21:11:11","slug":"kontakt","status":"publish","type":"page","link":"https:\/\/tobiaskaspar.de\/?page_id=883","title":{"rendered":"Gordon Familientraining"},"content":{"rendered":"<nav class=\"is-responsive items-justified-center wp-block-navigation is-content-justification-center is-layout-flex wp-container-core-navigation-is-layout-a89b3969 wp-block-navigation-is-layout-flex\" aria-label=\"Men\u00fc (2)\" \n\t\t data-wp-interactive=\"core\/navigation\" data-wp-context='{\"overlayOpenedBy\":{\"click\":false,\"hover\":false,\"focus\":false},\"type\":\"overlay\",\"roleAttribute\":\"\",\"ariaLabel\":\"Men\\u00fc\"}'><button aria-haspopup=\"dialog\" aria-label=\"Men\u00fc \u00f6ffnen\" class=\"wp-block-navigation__responsive-container-open\" \n\t\t\t\tdata-wp-on--click=\"actions.openMenuOnClick\"\n\t\t\t\tdata-wp-on--keydown=\"actions.handleMenuKeydown\"\n\t\t\t><svg width=\"24\" height=\"24\" xmlns=\"http:\/\/www.w3.org\/2000\/svg\" viewBox=\"0 0 24 24\" aria-hidden=\"true\" focusable=\"false\"><path d=\"M4 7.5h16v1.5H4z\"><\/path><path d=\"M4 15h16v1.5H4z\"><\/path><\/svg><\/button>\n\t\t\t\t<div class=\"wp-block-navigation__responsive-container\"  id=\"modal-1\" \n\t\t\t\tdata-wp-class--has-modal-open=\"state.isMenuOpen\"\n\t\t\t\tdata-wp-class--is-menu-open=\"state.isMenuOpen\"\n\t\t\t\tdata-wp-watch=\"callbacks.initMenu\"\n\t\t\t\tdata-wp-on--keydown=\"actions.handleMenuKeydown\"\n\t\t\t\tdata-wp-on--focusout=\"actions.handleMenuFocusout\"\n\t\t\t\ttabindex=\"-1\"\n\t\t\t>\n\t\t\t\t\t<div class=\"wp-block-navigation__responsive-close\" tabindex=\"-1\">\n\t\t\t\t\t\t<div class=\"wp-block-navigation__responsive-dialog\" \n\t\t\t\tdata-wp-bind--aria-modal=\"state.ariaModal\"\n\t\t\t\tdata-wp-bind--aria-label=\"state.ariaLabel\"\n\t\t\t\tdata-wp-bind--role=\"state.roleAttribute\"\n\t\t\t>\n\t\t\t\t\t\t\t<button aria-label=\"Men\u00fc schlie\u00dfen\" class=\"wp-block-navigation__responsive-container-close\" \n\t\t\t\tdata-wp-on--click=\"actions.closeMenuOnClick\"\n\t\t\t><svg xmlns=\"http:\/\/www.w3.org\/2000\/svg\" viewBox=\"0 0 24 24\" width=\"24\" height=\"24\" aria-hidden=\"true\" focusable=\"false\"><path d=\"m13.06 12 6.47-6.47-1.06-1.06L12 10.94 5.53 4.47 4.47 5.53 10.94 12l-6.47 6.47 1.06 1.06L12 13.06l6.47 6.47 1.06-1.06L13.06 12Z\"><\/path><\/svg><\/button>\n\t\t\t\t\t\t\t<div class=\"wp-block-navigation__responsive-container-content\" \n\t\t\t\tdata-wp-watch=\"callbacks.focusFirstElement\"\n\t\t\t id=\"modal-1-content\">\n\t\t\t\t\t\t\t\t<ul class=\"wp-block-navigation__container is-responsive items-justified-center wp-block-navigation\"><li class=\" wp-block-navigation-item wp-block-navigation-link\"><a class=\"wp-block-navigation-item__content\"  href=\"https:\/\/tobiaskaspar.de\/?page_id=909\"><span class=\"wp-block-navigation-item__label\">Home<\/span><\/a><\/li><li class=\" wp-block-navigation-item wp-block-navigation-link\"><a class=\"wp-block-navigation-item__content\"  href=\"https:\/\/tobiaskaspar.de\/?page_id=881\"><span class=\"wp-block-navigation-item__label\">\u00dcber mich<\/span><\/a><\/li><li class=\" wp-block-navigation-item wp-block-navigation-link\"><a class=\"wp-block-navigation-item__content\"  href=\"https:\/\/tobiaskaspar.de\/?page_id=1324\"><span class=\"wp-block-navigation-item__label\">Angebote<\/span><\/a><\/li><li class=\" wp-block-navigation-item wp-block-navigation-link\"><a class=\"wp-block-navigation-item__content\"  href=\"https:\/\/tobiaskaspar.de\/?page_id=883\"><span class=\"wp-block-navigation-item__label\">Gordon Familientraining<\/span><\/a><\/li><li class=\" wp-block-navigation-item wp-block-navigation-link\"><a class=\"wp-block-navigation-item__content\"  href=\"https:\/\/tobiaskaspar.de\/?page_id=884\"><span class=\"wp-block-navigation-item__label\">Kooperationspartner<\/span><\/a><\/li><li class=\" wp-block-navigation-item wp-block-navigation-link\"><a class=\"wp-block-navigation-item__content\"  href=\"https:\/\/tobiaskaspar.de\/?page_id=977\"><span class=\"wp-block-navigation-item__label\">Anmelden<\/span><\/a><\/li><\/ul>\n\t\t\t\t\t\t\t<\/div>\n\t\t\t\t\t\t<\/div>\n\t\t\t\t\t<\/div>\n\t\t\t\t<\/div><\/nav>\n\n\n<div style=\"height:51px\" aria-hidden=\"true\" class=\"wp-block-spacer\"><\/div>\n\n\n\n<h3 class=\"wp-block-heading\">Gordon Familientraining<\/h3>\n\n\n\n<hr class=\"wp-block-separator has-text-color has-alpha-channel-opacity has-background is-style-wide\" style=\"background-color:#70ad47;color:#70ad47\"\/>\n\n\n\n<div style=\"height:59px\" aria-hidden=\"true\" class=\"wp-block-spacer\"><\/div>\n\n\n\n<p class=\"has-black-color has-text-color has-medium-font-size\"><strong>Herzlich Willkommen beim <strong>Gordon Familientraining<\/strong>! Investieren Sie in die positive Entwicklung Ihrer Familie<\/strong><\/p>\n\n\n\n<p class=\"has-black-color has-text-color\">Sie stehen vor den Herausforderungen des Elternseins und w\u00fcnschen sich einen einf\u00fchlsamen und effektiven Umgang mit Ihren Kindern? Das Gordon Familientraining, basierend auf den bew\u00e4hrten Prinzipien von Dr. Thomas Gordon, bietet Ihnen die Werkzeuge und F\u00e4higkeiten, um eine liebevolle und unterst\u00fctzende Eltern-Kind-Beziehung zu schaffen.<\/p>\n\n\n\n<p><\/p>\n\n\n\n<p class=\"has-black-color has-text-color has-medium-font-size\"><strong><u>Ihre Vorteile des Kurses<\/u><\/strong><\/p>\n\n\n\n<p class=\"has-black-color has-text-color has-link-color wp-elements-66d5258113a5487c3c9c542278b50d4b\">Ihr Kenntnisgewinn:<\/p>\n\n\n\n<ul class=\"wp-block-list has-black-color has-text-color\">\n<li><strong>Konfliktl\u00f6sung durch Kommunikation:<\/strong>&nbsp;Lernen Sie, Konflikte auf eine respektvolle Weise zu bew\u00e4ltigen, die die Bed\u00fcrfnisse aller Familienmitglieder ber\u00fccksichtigt.<\/li>\n\n\n\n<li><strong>Aktives Zuh\u00f6ren:<\/strong>&nbsp;Entwickeln Sie die Kunst des aktiven Zuh\u00f6rens, um die Bed\u00fcrfnisse Ihrer Kinder besser zu verstehen und eine tiefere Verbindung aufzubauen.<\/li>\n\n\n\n<li><strong>Ich-Botschaften:<\/strong>&nbsp;Ersetzen Sie Vorw\u00fcrfe durch klare und respektvolle Ich-Botschaften, um eine offene und positive Kommunikation zu f\u00f6rdern.<\/li>\n\n\n\n<li><strong>Selbstwertgef\u00fchl st\u00e4rken:<\/strong>&nbsp;Unterst\u00fctzen Sie die Entwicklung eines gesunden Selbstwertgef\u00fchls bei Ihren Kindern, indem Sie positives Verhalten anerkennen und wertsch\u00e4tzen.<\/li>\n<\/ul>\n\n\n\n<p class=\"has-black-color has-text-color\">Investieren Sie in eine harmonische und liebevolle Familienatmosph\u00e4re. Entdecken Sie, wie das Gordon Familientraining Ihr Familienleben bereichern kann.<\/p>\n\n\n\n<p><\/p>\n\n\n\n<p class=\"has-black-color has-text-color has-link-color has-medium-font-size wp-elements-20da2a2be563ce9c97ca6a39b7183b2e\"><strong><u>Umfang\/ Preis<\/u><\/strong><\/p>\n\n\n\n<p class=\"has-black-color has-text-color\" style=\"font-size:17px\">24 Zeitstunden <br>363,00\u20ac\/ Teilnehmenden inkl. Arbeitsmaterialien und Zertifizierung<br>(620,00\u20ac\/ Paar inkl. Arbeitsmaterialien und Zertifizierung)<\/p>\n\n\n\n<p class=\"has-black-color has-text-color has-link-color has-medium-font-size wp-elements-807ae185080a24d09f03ea45eb5c6e41\"><strong><u>Teilnahmenachweis<\/u><\/strong><\/p>\n\n\n\n<p class=\"has-black-color has-text-color has-link-color wp-elements-839e24622394ba367baa00c9b613aaa1\">Zertifikat<\/p>\n\n\n\n<p class=\"has-black-color has-text-color has-link-color has-medium-font-size wp-elements-76b077fc7f16fb8cd0f165a667cfd018\"><strong><u>Zielgruppe<\/u><\/strong><\/p>\n\n\n\n<p class=\"has-black-color has-text-color has-link-color wp-elements-5db8b4b85bf111e944cbccdee4e21c07\">Das Gordon Familientraining richtet sich in erster Linie an Eltern, die ihre Erziehungsf\u00e4higkeiten verbessern m\u00f6chten. Das Gordon Familientraining ist auch f\u00fcr eine Vielzahl von Fachleuten relevant, die in den Bereichen Bildung, Gesundheit, Sozialarbeit und psychologische Unterst\u00fctzung t\u00e4tig sind und mit Familien in verschiedenen Kontexten arbeiten. Zusammengefasst richtet sich das Gordon Familientraining an folgende Zielgruppe:<br>\u2022\tNeueltern<br>\u2022\tEltern von Kleinkindern, Schulkindern und Teenagern<br>\u2022\tEltern von Kindern mit besonderen Bed\u00fcrfnissen<br>\u2022\tFamilien in schwierigen Situationen <br>\u2022\tLehrer*innen und Erzieher*innen<br>\u2022\tSozialarbeiter*innen<br>\u2022\tTagesm\u00fctter\/ Tagesv\u00e4ter<br>\u2022\tSchulbegleitungen<br>\u2022\tBerater*innen und Therapeuten<br>\u2022\tJugendbetreuer*innen<br>\u2022\tGesundheits- und Rehabilitationsdienstleistenden<br><\/p>\n\n\n\n<p class=\"has-black-color has-text-color has-link-color has-medium-font-size wp-elements-c54d065eecc3f7cab9e11060bd0d46b6\"><strong><u>Termine\/ Veranstaltungsort&nbsp;<\/u><\/strong><\/p>\n\n\n\n<p class=\"has-black-color has-text-color has-link-color wp-elements-5dc6eae58d482a33b65ef0f50372c9ca\">Pr\u00e4senztermine: (jeweils 10:00 Uhr bis 17:00 Uhr)                                                                                                                                                           Kurs 1: 10.05.2025 + 17.05.2025 + 14.06.2025 + 28.06.2025<br>Kurs 2: 08.11.2025 + 09.11.2025 + 22.11.2025 + 23.11.2025<br>Kurs 3: 17.01.2026 + 24.01.2025 + 07.02.2026 + 21.02.2026<br>Ort: Grasweg 15, 37191 Katlenburg Lindau<br><br>Kurs 4: (jeweils 16:45 Uhr bis 19:45 Uhr)<br>18.08.2025 + 01.09.2025 + 09.09.2025 + 22.09.2025 + 27.10.2025 + 03.11.2025 + 17.11.2025 + 24.11.2025<br>Ort: Familienservice Wolfsburg gGmbH, Porschestra\u00dfe 76, 38440 Wolfsburg<br><br>Onlinetermine: (jeweils 17:00 Uhr bis 20:00 Uhr)<br>Kurs 1: <br>11.02.2025 + 25.02.2025 + 04.03.2025 + 11.03.2025 + 18.03.2025 + 22.04.2025 + 29.04.2025 + 06.05.2024<br>Kurs 2: <br>13.05.2025 + 20.05.2025 + 17.06.2025 + 24.06.2025 + 01.07.2025 + 08.07.2025 + 19.08.2025 + 26.08.2025<br>Kurs 3:<br>02.09.2025 + 09.09.2025 + 16.09.2025 + 23.09.2025 + 28.10.2025 + 04.11.2025 + 18.11.2025 + 25.11.2025<br>Ort: Zoom<br><br>5 FAQ<br>1. Was ist das Gordon Familientraining?<br>Das Gordon Familientraining ist ein Erziehungs- und Kommunikationsprogramm, das von dem Psychologen Dr. Thomas Gordon entwickelt wurde. Es vermittelt Eltern, wie sie durch effektive Kommunikation, aktives Zuh\u00f6ren und Probleml\u00f6sung ohne Zwang eine harmonische Beziehung zu ihren Kindern aufbauen k\u00f6nnen. Das Ziel ist es, Konflikte in der Familie friedlich und konstruktiv zu l\u00f6sen und die Autonomie aller Familienmitglieder zu respektieren.<br><br>2. Welche Vorteile bringt das Gordon Familientraining f\u00fcr Familien?<br>Das Gordon Familientraining f\u00f6rdert eine vertrauensvolle, respektvolle und liebevolle Familienbeziehung. Zu den Vorteilen geh\u00f6ren:<br>\u2022\tReduzierung von Konflikten und Missverst\u00e4ndnissen innerhalb der Familie<br>\u2022\tEntwicklung von besseren Kommunikationsf\u00e4higkeiten bei Kindern und Erwachsenen<br>\u2022\tAufbau von Selbstvertrauen und Selbstverantwortung bei Kindern<br>\u2022\tF\u00f6rderung eines harmonischen Familienlebens, in dem jeder seinen Platz hat und sich verstanden f\u00fchlt.<br><br>3. Wie unterscheidet sich das Gordon Familientraining von anderen Erziehungskursen?<br>Das Gordon Familientraining ist weniger auf autorit\u00e4re oder permissive Erziehungsmethoden ausgerichtet, sondern fokussiert auf eine demokratische und respektvolle Erziehung. Es basiert auf der Idee, dass alle Familienmitglieder gleichwertig sind und ihre Bed\u00fcrfnisse offen und ohne Zwang kommunizieren k\u00f6nnen. Der Ansatz zielt auf eine partnerschaftliche Eltern-Kind-Beziehung ab, bei der Konflikte ohne Strafen oder Belohnungen gel\u00f6st werden.<br><br>4. K\u00f6nnen die Methoden des Gordon Familientrainings auch au\u00dferhalb der Familie genutzt werden?<br>Absolut! Die im Gordon Familientraining vermittelten Kommunikations- und Konflikt-l\u00f6sungsmethoden eignen sich nicht nur f\u00fcr den Familienalltag, sondern auch f\u00fcr andere Bereiche des Lebens, etwa am Arbeitsplatz, in der Schule oder in zwischenmenschlichen Beziehungen. Die F\u00e4higkeiten zum aktiven Zuh\u00f6ren und zu konstruktiven Ich-Botschaften sind universell einsetzbar.<br><br>5. Wie lange dauert es, bis erste Erfolge sichtbar werden?<br>Viele Eltern bemerken bereits w\u00e4hrend des Trainings positive Ver\u00e4nderungen. Die neuen Kommunikations- und Konfliktl\u00f6sungstechniken k\u00f6nnen oft schon nach kurzer Zeit im Alltag angewendet werden und f\u00fchren meist schnell zu einer entspannteren Atmosph\u00e4re in der Familie. Langfristige Erfolge zeigen sich, wenn die Methoden regelm\u00e4\u00dfig praktiziert und vertieft werden.<br><br>Dieses Seminar ist auch als Inhouse-Veranstaltung f\u00fcr Firmen, Arztpraxen, Kitas, Schulen, und andere Einrichtungen buchbar.  Gern erstellen wir Ihnen ein individuelles Angebot.  <\/p>\n\n\n\n<p class=\"has-black-color has-text-color\">Dieses Seminar ist auch als Inhouse-Veranstaltung f\u00fcr Firmen, Kitas, Schulen, Praxen und andere Einrichtungen buchbar.&nbsp; Gern erstelle ich Ihnen ein individuelles Angebot.<\/p>\n\n\n\n<div style=\"height:42px\" aria-hidden=\"true\" class=\"wp-block-spacer\"><\/div>\n\n\n\n<figure class=\"wp-block-image size-full is-resized\"><img loading=\"lazy\" decoding=\"async\" width=\"1000\" height=\"408\" src=\"https:\/\/tobiaskaspar.de\/wp-content\/uploads\/2023\/12\/Download.png\" alt=\"\" class=\"wp-image-1484\" style=\"width:301px;height:121px\" srcset=\"https:\/\/tobiaskaspar.de\/wp-content\/uploads\/2023\/12\/Download.png 1000w, https:\/\/tobiaskaspar.de\/wp-content\/uploads\/2023\/12\/Download-300x122.png 300w, https:\/\/tobiaskaspar.de\/wp-content\/uploads\/2023\/12\/Download-768x313.png 768w\" sizes=\"auto, (max-width: 1000px) 100vw, 1000px\" \/><figcaption class=\"wp-element-caption\"><a href=\"https:\/\/gordon-kommunikationstraining.de\/team\/tobias-kaspar\/\" target=\"_blank\" rel=\"noopener\">https:\/\/gordon-kommunikationstraining.de\/team\/tobias-kaspar\/<\/a><\/figcaption><\/figure>\n\n\n\n<div style=\"height:42px\" aria-hidden=\"true\" class=\"wp-block-spacer\"><\/div>\n\n\n\n<div class=\"wp-block-buttons is-layout-flex wp-block-buttons-is-layout-flex\">\n<div class=\"wp-block-button\"><a class=\"wp-block-button__link wp-element-button\" href=\"https:\/\/tobiaskaspar.de\/?page_id=977\">Anmelden<\/a><\/div>\n<\/div>\n\n\n\n<p><\/p>\n\n\n\n<p><\/p>\n\n\n\n<hr class=\"wp-block-separator has-text-color has-alpha-channel-opacity has-background is-style-wide\" style=\"background-color:#646b63;color:#646b63\"\/>\n","protected":false},"excerpt":{"rendered":"<p>Gordon Familientraining Herzlich Willkommen beim Gordon Familientraining! Investieren Sie in die positive Entwicklung Ihrer Familie Sie stehen vor den Herausforderungen des Elternseins und w\u00fcnschen sich einen einf\u00fchlsamen und effektiven Umgang mit Ihren Kindern? Das Gordon Familientraining, basierend auf den bew\u00e4hrten Prinzipien von Dr. Thomas Gordon, bietet Ihnen die Werkzeuge und F\u00e4higkeiten, um eine liebevolle und [&hellip;]<\/p>\n","protected":false},"author":1,"featured_media":0,"parent":909,"menu_order":0,"comment_status":"closed","ping_status":"closed","template":"","meta":{"_uag_custom_page_level_css":"","_monsterinsights_skip_tracking":false,"_monsterinsights_sitenote_active":false,"_monsterinsights_sitenote_note":"","_monsterinsights_sitenote_category":0,"site-sidebar-layout":"default","site-content-layout":"","ast-site-content-layout":"default","site-content-style":"default","site-sidebar-style":"default","ast-global-header-display":"","ast-banner-title-visibility":"","ast-main-header-display":"","ast-hfb-above-header-display":"","ast-hfb-below-header-display":"","ast-hfb-mobile-header-display":"","site-post-title":"disabled","ast-breadcrumbs-content":"","ast-featured-img":"","footer-sml-layout":"","theme-transparent-header-meta":"","adv-header-id-meta":"","stick-header-meta":"","header-above-stick-meta":"","header-main-stick-meta":"","header-below-stick-meta":"","astra-migrate-meta-layouts":"set","ast-page-background-enabled":"default","ast-page-background-meta":{"desktop":{"background-color":"","background-image":"","background-repeat":"repeat","background-position":"center center","background-size":"auto","background-attachment":"scroll","background-type":"","background-media":"","overlay-type":"","overlay-color":"","overlay-gradient":""},"tablet":{"background-color":"","background-image":"","background-repeat":"repeat","background-position":"center center","background-size":"auto","background-attachment":"scroll","background-type":"","background-media":"","overlay-type":"","overlay-color":"","overlay-gradient":""},"mobile":{"background-color":"","background-image":"","background-repeat":"repeat","background-position":"center center","background-size":"auto","background-attachment":"scroll","background-type":"","background-media":"","overlay-type":"","overlay-color":"","overlay-gradient":""}},"ast-content-background-meta":{"desktop":{"background-color":"var(--ast-global-color-5)","background-image":"","background-repeat":"repeat","background-position":"center center","background-size":"auto","background-attachment":"scroll","background-type":"","background-media":"","overlay-type":"","overlay-color":"","overlay-gradient":""},"tablet":{"background-color":"var(--ast-global-color-5)","background-image":"","background-repeat":"repeat","background-position":"center center","background-size":"auto","background-attachment":"scroll","background-type":"","background-media":"","overlay-type":"","overlay-color":"","overlay-gradient":""},"mobile":{"background-color":"var(--ast-global-color-5)","background-image":"","background-repeat":"repeat","background-position":"center center","background-size":"auto","background-attachment":"scroll","background-type":"","background-media":"","overlay-type":"","overlay-color":"","overlay-gradient":""}},"footnotes":""},"class_list":["post-883","page","type-page","status-publish","hentry"],"uagb_featured_image_src":{"full":false,"thumbnail":false,"medium":false,"medium_large":false,"large":false,"1536x1536":false,"2048x2048":false},"uagb_author_info":{"display_name":"t.kaspar","author_link":"https:\/\/tobiaskaspar.de\/author\/t-kaspar"},"uagb_comment_info":0,"uagb_excerpt":"Gordon Familientraining Herzlich Willkommen beim Gordon Familientraining! Investieren Sie in die positive Entwicklung Ihrer Familie Sie stehen vor den Herausforderungen des Elternseins und w\u00fcnschen sich einen einf\u00fchlsamen und effektiven Umgang mit Ihren Kindern? Das Gordon Familientraining, basierend auf den bew\u00e4hrten Prinzipien von Dr. Thomas Gordon, bietet Ihnen die Werkzeuge und F\u00e4higkeiten, um eine liebevolle und&hellip;","_links":{"self":[{"href":"https:\/\/tobiaskaspar.de\/index.php?rest_route=\/wp\/v2\/pages\/883","targetHints":{"allow":["GET"]}}],"collection":[{"href":"https:\/\/tobiaskaspar.de\/index.php?rest_route=\/wp\/v2\/pages"}],"about":[{"href":"https:\/\/tobiaskaspar.de\/index.php?rest_route=\/wp\/v2\/types\/page"}],"author":[{"embeddable":true,"href":"https:\/\/tobiaskaspar.de\/index.php?rest_route=\/wp\/v2\/users\/1"}],"replies":[{"embeddable":true,"href":"https:\/\/tobiaskaspar.de\/index.php?rest_route=%2Fwp%2Fv2%2Fcomments&post=883"}],"version-history":[{"count":39,"href":"https:\/\/tobiaskaspar.de\/index.php?rest_route=\/wp\/v2\/pages\/883\/revisions"}],"predecessor-version":[{"id":1559,"href":"https:\/\/tobiaskaspar.de\/index.php?rest_route=\/wp\/v2\/pages\/883\/revisions\/1559"}],"up":[{"embeddable":true,"href":"https:\/\/tobiaskaspar.de\/index.php?rest_route=\/wp\/v2\/pages\/909"}],"wp:attachment":[{"href":"https:\/\/tobiaskaspar.de\/index.php?rest_route=%2Fwp%2Fv2%2Fmedia&parent=883"}],"curies":[{"name":"wp","href":"https:\/\/api.w.org\/{rel}","templated":true}]}}