{"id":882,"date":"2023-02-07T20:42:28","date_gmt":"2023-02-07T19:42:28","guid":{"rendered":"https:\/\/tobiaskaspar.de\/?page_id=882"},"modified":"2025-01-15T20:23:45","modified_gmt":"2025-01-15T19:23:45","slug":"angebote","status":"publish","type":"page","link":"https:\/\/tobiaskaspar.de\/?page_id=882","title":{"rendered":"Seminare und Fortbildungen\/ Inhouse-Schulungen"},"content":{"rendered":"<nav class=\"is-responsive items-justified-center wp-block-navigation is-content-justification-center is-layout-flex wp-container-core-navigation-is-layout-a89b3969 wp-block-navigation-is-layout-flex\" aria-label=\"Men\u00fc (2)\" \n\t\t data-wp-interactive=\"core\/navigation\" data-wp-context='{\"overlayOpenedBy\":{\"click\":false,\"hover\":false,\"focus\":false},\"type\":\"overlay\",\"roleAttribute\":\"\",\"ariaLabel\":\"Men\\u00fc\"}'><button aria-haspopup=\"dialog\" aria-label=\"Men\u00fc \u00f6ffnen\" class=\"wp-block-navigation__responsive-container-open\" \n\t\t\t\tdata-wp-on--click=\"actions.openMenuOnClick\"\n\t\t\t\tdata-wp-on--keydown=\"actions.handleMenuKeydown\"\n\t\t\t><svg width=\"24\" height=\"24\" xmlns=\"http:\/\/www.w3.org\/2000\/svg\" viewBox=\"0 0 24 24\" aria-hidden=\"true\" focusable=\"false\"><path d=\"M4 7.5h16v1.5H4z\"><\/path><path d=\"M4 15h16v1.5H4z\"><\/path><\/svg><\/button>\n\t\t\t\t<div class=\"wp-block-navigation__responsive-container\"  id=\"modal-1\" \n\t\t\t\tdata-wp-class--has-modal-open=\"state.isMenuOpen\"\n\t\t\t\tdata-wp-class--is-menu-open=\"state.isMenuOpen\"\n\t\t\t\tdata-wp-watch=\"callbacks.initMenu\"\n\t\t\t\tdata-wp-on--keydown=\"actions.handleMenuKeydown\"\n\t\t\t\tdata-wp-on--focusout=\"actions.handleMenuFocusout\"\n\t\t\t\ttabindex=\"-1\"\n\t\t\t>\n\t\t\t\t\t<div class=\"wp-block-navigation__responsive-close\" tabindex=\"-1\">\n\t\t\t\t\t\t<div class=\"wp-block-navigation__responsive-dialog\" \n\t\t\t\tdata-wp-bind--aria-modal=\"state.ariaModal\"\n\t\t\t\tdata-wp-bind--aria-label=\"state.ariaLabel\"\n\t\t\t\tdata-wp-bind--role=\"state.roleAttribute\"\n\t\t\t>\n\t\t\t\t\t\t\t<button aria-label=\"Men\u00fc schlie\u00dfen\" class=\"wp-block-navigation__responsive-container-close\" \n\t\t\t\tdata-wp-on--click=\"actions.closeMenuOnClick\"\n\t\t\t><svg xmlns=\"http:\/\/www.w3.org\/2000\/svg\" viewBox=\"0 0 24 24\" width=\"24\" height=\"24\" aria-hidden=\"true\" focusable=\"false\"><path d=\"m13.06 12 6.47-6.47-1.06-1.06L12 10.94 5.53 4.47 4.47 5.53 10.94 12l-6.47 6.47 1.06 1.06L12 13.06l6.47 6.47 1.06-1.06L13.06 12Z\"><\/path><\/svg><\/button>\n\t\t\t\t\t\t\t<div class=\"wp-block-navigation__responsive-container-content\" \n\t\t\t\tdata-wp-watch=\"callbacks.focusFirstElement\"\n\t\t\t id=\"modal-1-content\">\n\t\t\t\t\t\t\t\t<ul class=\"wp-block-navigation__container is-responsive items-justified-center wp-block-navigation\"><li class=\" wp-block-navigation-item wp-block-navigation-link\"><a class=\"wp-block-navigation-item__content\"  href=\"https:\/\/tobiaskaspar.de\/?page_id=909\"><span class=\"wp-block-navigation-item__label\">Home<\/span><\/a><\/li><li class=\" wp-block-navigation-item wp-block-navigation-link\"><a class=\"wp-block-navigation-item__content\"  href=\"https:\/\/tobiaskaspar.de\/?page_id=881\"><span class=\"wp-block-navigation-item__label\">\u00dcber mich<\/span><\/a><\/li><li class=\" wp-block-navigation-item wp-block-navigation-link\"><a class=\"wp-block-navigation-item__content\"  href=\"https:\/\/tobiaskaspar.de\/?page_id=1324\"><span class=\"wp-block-navigation-item__label\">Angebote<\/span><\/a><\/li><li class=\" wp-block-navigation-item wp-block-navigation-link\"><a class=\"wp-block-navigation-item__content\"  href=\"https:\/\/tobiaskaspar.de\/?page_id=883\"><span class=\"wp-block-navigation-item__label\">Gordon Familientraining<\/span><\/a><\/li><li class=\" wp-block-navigation-item wp-block-navigation-link\"><a class=\"wp-block-navigation-item__content\"  href=\"https:\/\/tobiaskaspar.de\/?page_id=884\"><span class=\"wp-block-navigation-item__label\">Kooperationspartner<\/span><\/a><\/li><li class=\" wp-block-navigation-item wp-block-navigation-link\"><a class=\"wp-block-navigation-item__content\"  href=\"https:\/\/tobiaskaspar.de\/?page_id=977\"><span class=\"wp-block-navigation-item__label\">Anmelden<\/span><\/a><\/li><\/ul>\n\t\t\t\t\t\t\t<\/div>\n\t\t\t\t\t\t<\/div>\n\t\t\t\t\t<\/div>\n\t\t\t\t<\/div><\/nav>\n\n\n<div style=\"height:74px\" aria-hidden=\"true\" class=\"wp-block-spacer\"><\/div>\n\n\n\n<h3 class=\"wp-block-heading\">Seminare und Fortbildungen\/ Inhouse-Schulungen<\/h3>\n\n\n\n<hr class=\"wp-block-separator has-text-color has-alpha-channel-opacity has-background is-style-wide\" style=\"background-color:#70ad47;color:#70ad47\"\/>\n\n\n\n<div style=\"height:26px\" aria-hidden=\"true\" class=\"wp-block-spacer\"><\/div>\n\n\n\n<div style=\"height:68px\" aria-hidden=\"true\" class=\"wp-block-spacer\"><\/div>\n\n\n\n<div class=\"wp-block-uagb-blockquote uagb-block-08f19a4c uagb-blockquote__skin-quotation uagb-blockquote__align-center uagb-blockquote__style-style_2 uagb-blockquote__stack-img-none\"><blockquote class=\"uagb-blockquote\"><span class=\"uagb-blockquote__icon\"><svg width=\"20\" height=\"20\" viewBox=\"0 0 32 32\"><path d=\"M7.031 14c3.866 0 7 3.134 7 7s-3.134 7-7 7-7-3.134-7-7l-0.031-1c0-7.732 6.268-14 14-14v4c-2.671 0-5.182 1.040-7.071 2.929-0.364 0.364-0.695 0.751-0.995 1.157 0.357-0.056 0.724-0.086 1.097-0.086zM25.031 14c3.866 0 7 3.134 7 7s-3.134 7-7 7-7-3.134-7-7l-0.031-1c0-7.732 6.268-14 14-14v4c-2.671 0-5.182 1.040-7.071 2.929-0.364 0.364-0.695 0.751-0.995 1.157 0.358-0.056 0.724-0.086 1.097-0.086z\"><\/path><\/svg><\/span><div class=\"uagb-blockquote__content\"><em>Es gibt nichts Praktischeres als eine gute Theorie<\/em><\/div><footer><div class=\"uagb-blockquote__author-wrap uagb-blockquote__author-at-left\"><cite class=\"uagb-blockquote__author\">Kurt Lewin<\/cite><\/div><\/footer><\/blockquote><\/div>\n\n\n\n<div style=\"height:58px\" aria-hidden=\"true\" class=\"wp-block-spacer\"><\/div>\n\n\n\n<p class=\"has-black-color has-text-color has-medium-font-size\"><strong><strong>Wie ein \u201eX\u201c Deine Welt ver\u00e4ndern kann! &#8211; Willkommen bei BrainGym 104\u00ae: Entdecke die Kraft der Bewegung f\u00fcr dein Denken!<\/strong><\/strong><\/p>\n\n\n\n<p class=\"has-black-color has-text-color\">Der Kurs &#8220;Brain Gym\u00ae 104&#8221; fokussiert sich auf die 26 grundlegenden Bewegungen, die speziell entwickelt wurden, um das Lernen, die Konzentration und das allgemeine Wohlbefinden zu f\u00f6rdern.&nbsp;<\/p>\n\n\n\n<p><\/p>\n\n\n\n<div style=\"height:30px\" aria-hidden=\"true\" class=\"wp-block-spacer\"><\/div>\n\n\n\n<div class=\"wp-block-buttons is-layout-flex wp-block-buttons-is-layout-flex\">\n<div class=\"wp-block-button\"><a class=\"wp-block-button__link wp-element-button\" href=\"https:\/\/tobiaskaspar.de\/?page_id=1214\">Mehr<\/a><\/div>\n\n\n\n<div class=\"wp-block-button\"><a class=\"wp-block-button__link wp-element-button\" href=\"https:\/\/tobiaskaspar.de\/?page_id=977\">Hier Anmelden<\/a><\/div>\n<\/div>\n\n\n\n<div style=\"height:72px\" aria-hidden=\"true\" class=\"wp-block-spacer\"><\/div>\n\n\n\n<p class=\"has-black-color has-text-color has-medium-font-size\"><strong><strong>Bewegungs\u00fcbungen f\u00fcr besseres Lernen und Konzentration &#8211; Eine Einf\u00fchrung ins Brain Gym\u00ae<\/strong><\/strong><\/p>\n\n\n\n<p class=\"has-black-color has-text-color\">Was bewirken \u00dcberkreuzbewegungen und warum sind sie so wichtig? Warum sind das Zeichnen einer liegenden Acht und ein ausgeglichener Wasserhaushalt einfache Beispiele und effektive Methoden, um Lernspa\u00df und Lernerfolg zu f\u00f6rdern?<\/p>\n\n\n\n<div style=\"height:58px\" aria-hidden=\"true\" class=\"wp-block-spacer\"><\/div>\n\n\n\n<div class=\"wp-block-buttons is-layout-flex wp-block-buttons-is-layout-flex\">\n<div class=\"wp-block-button\"><a class=\"wp-block-button__link wp-element-button\" href=\"https:\/\/tobiaskaspar.de\/?page_id=1266\">Mehr<\/a><\/div>\n\n\n\n<div class=\"wp-block-button\"><a class=\"wp-block-button__link wp-element-button\" href=\"https:\/\/tobiaskaspar.de\/?page_id=977\">Hier Anmelden<\/a><\/div>\n<\/div>\n\n\n\n<div style=\"height:66px\" aria-hidden=\"true\" class=\"wp-block-spacer\"><\/div>\n\n\n\n<p class=\"has-black-color has-text-color has-medium-font-size\"><strong><strong>W\u00fcrde und Scham: Sensibel handeln, empathisch kommunizieren<\/strong><\/strong><\/p>\n\n\n\n<p class=\"has-black-color has-text-color\">Scham ist eine tiefe, oft schmerzhafte Emotion, die das Gef\u00fchl der eigenen W\u00fcrde bedrohen kann. Gerade in sozialen und p\u00e4dagogischen Kontexten spielt Scham eine bedeutende Rolle \u2013 sei es im Umgang mit Klienten, Sch\u00fcler*innen oder Patient*innen.<\/p>\n\n\n\n<p class=\"has-black-color has-text-color has-link-color wp-elements-6367c32d355b77eb36ecd17dc1f1f3c3\">Bei R\u00fcckfragen melden Sie sich gern <a href=\"https:\/\/tobiaskaspar.de\/?page_id=977\" data-type=\"page\" data-id=\"977\">hier<\/a>.<\/p>\n\n\n\n<div style=\"height:69px\" aria-hidden=\"true\" class=\"wp-block-spacer\"><\/div>\n\n\n\n<div class=\"wp-block-buttons is-layout-flex wp-block-buttons-is-layout-flex\">\n<div class=\"wp-block-button\"><a class=\"wp-block-button__link wp-element-button\" href=\"https:\/\/tobiaskaspar.de\/?page_id=1389\">Mehr<\/a><\/div>\n\n\n\n<div class=\"wp-block-button\"><a class=\"wp-block-button__link wp-element-button\" href=\"https:\/\/tobiaskaspar.de\/?page_id=977\">Hier Anmelden<\/a><\/div>\n<\/div>\n\n\n\n<div style=\"height:66px\" aria-hidden=\"true\" class=\"wp-block-spacer\"><\/div>\n\n\n\n<p class=\"has-black-color has-text-color has-link-color has-medium-font-size wp-elements-7a03cb920b9f0d2d5feb7243d242b000\"><strong>Reframing: Probleme neu denken, Chancen entdecken<\/strong><\/p>\n\n\n\n<p class=\"has-black-color has-text-color has-link-color wp-elements-9b223fcfba91bc810fe1ab03955d4585\">Herausforderndes Verhalten in der p\u00e4dagogischen und sozialen Arbeit stellt Fachkr\u00e4fte oft vor gro\u00dfe Schwierigkeiten. Wie k\u00f6nnen wir solche Verhaltensweisen besser verstehen und konstruktiv darauf reagieren? Diese Fortbildung zeigt, wie wir durch einen Perspektivwechsel neue Deutungsm\u00f6glichkeiten finden k\u00f6nnen.<\/p>\n\n\n\n<div style=\"height:66px\" aria-hidden=\"true\" class=\"wp-block-spacer\"><\/div>\n\n\n\n<div class=\"wp-block-buttons is-layout-flex wp-block-buttons-is-layout-flex\">\n<div class=\"wp-block-button\"><a class=\"wp-block-button__link wp-element-button\" href=\"https:\/\/tobiaskaspar.de\/?page_id=1543\">Mehr<\/a><\/div>\n\n\n\n<div class=\"wp-block-button\"><a class=\"wp-block-button__link wp-element-button\" href=\"https:\/\/tobiaskaspar.de\/?page_id=977\">Hier Anmelden<\/a><\/div>\n<\/div>\n\n\n\n<div style=\"height:66px\" aria-hidden=\"true\" class=\"wp-block-spacer\"><\/div>\n\n\n\n<p class=\"has-black-color has-text-color has-link-color has-medium-font-size wp-elements-497dd0fc8f65d8c7d52340f488aed1ef\"><strong>Ich sage es anders: Kommunikation, die ankommt<\/strong><\/p>\n\n\n\n<p class=\"has-black-color has-text-color has-link-color wp-elements-0f10bbb68a9835a2be8035b4ea1408c8\">Wie wir etwas sagen, ist oft entscheidender als das, was wir sagen. In Konfliktsituationen oder bei emotional aufgeladenen Gespr\u00e4chen k\u00f6nnen Ich-Botschaften helfen, unsere Anliegen klar und wertsch\u00e4tzend auszudr\u00fccken, ohne die Beziehungsebene zu belasten. Sie erm\u00f6glichen es, Verantwortung f\u00fcr die eigenen Gef\u00fchle und Bed\u00fcrfnisse zu \u00fcbernehmen und Missverst\u00e4ndnisse zu vermeiden.<\/p>\n\n\n\n<div style=\"height:66px\" aria-hidden=\"true\" class=\"wp-block-spacer\"><\/div>\n\n\n\n<div class=\"wp-block-buttons is-layout-flex wp-block-buttons-is-layout-flex\">\n<div class=\"wp-block-button\"><a class=\"wp-block-button__link wp-element-button\" href=\"https:\/\/tobiaskaspar.de\/?page_id=1550\">Mehr<\/a><\/div>\n\n\n\n<div class=\"wp-block-button\"><a class=\"wp-block-button__link wp-element-button\" href=\"https:\/\/tobiaskaspar.de\/?page_id=977\">Hier Anmelden<\/a><\/div>\n<\/div>\n\n\n\n<p class=\"has-black-color has-text-color has-link-color wp-elements-42f74e187bc4ba7ec60acc7b95f6895c\">Seminare und Fortbildungen zu weiteren Themengebieten erfragen Sie bitte&nbsp;<a href=\"https:\/\/tobiaskaspar.de\/?page_id=977\" data-type=\"page\" data-id=\"977\">hier<\/a>.<\/p>\n\n\n\n<div style=\"height:55px\" aria-hidden=\"true\" class=\"wp-block-spacer\"><\/div>\n\n\n\n<div class=\"wp-block-buttons is-layout-flex wp-block-buttons-is-layout-flex\">\n<div class=\"wp-block-button\"><a class=\"wp-block-button__link wp-element-button\" href=\"https:\/\/tobiaskaspar.de\/?page_id=1324\">Zur\u00fcck<\/a><\/div>\n<\/div>\n\n\n\n<div style=\"height:69px\" aria-hidden=\"true\" class=\"wp-block-spacer\"><\/div>\n\n\n\n<hr class=\"wp-block-separator has-text-color has-alpha-channel-opacity has-background is-style-wide\" style=\"background-color:#646b63;color:#646b63\"\/>\n","protected":false},"excerpt":{"rendered":"<p>Seminare und Fortbildungen\/ Inhouse-Schulungen Wie ein \u201eX\u201c Deine Welt ver\u00e4ndern kann! &#8211; Willkommen bei BrainGym 104\u00ae: Entdecke die Kraft der Bewegung f\u00fcr dein Denken! Der Kurs &#8220;Brain Gym\u00ae 104&#8221; fokussiert sich auf die 26 grundlegenden Bewegungen, die speziell entwickelt wurden, um das Lernen, die Konzentration und das allgemeine Wohlbefinden zu f\u00f6rdern.&nbsp; Bewegungs\u00fcbungen f\u00fcr besseres Lernen [&hellip;]<\/p>\n","protected":false},"author":1,"featured_media":0,"parent":909,"menu_order":0,"comment_status":"closed","ping_status":"closed","template":"","meta":{"_uag_custom_page_level_css":"","_monsterinsights_skip_tracking":false,"_monsterinsights_sitenote_active":false,"_monsterinsights_sitenote_note":"","_monsterinsights_sitenote_category":0,"site-sidebar-layout":"default","site-content-layout":"","ast-site-content-layout":"default","site-content-style":"default","site-sidebar-style":"default","ast-global-header-display":"disabled","ast-banner-title-visibility":"","ast-main-header-display":"","ast-hfb-above-header-display":"","ast-hfb-below-header-display":"","ast-hfb-mobile-header-display":"","site-post-title":"disabled","ast-breadcrumbs-content":"","ast-featured-img":"","footer-sml-layout":"","theme-transparent-header-meta":"","adv-header-id-meta":"","stick-header-meta":"","header-above-stick-meta":"","header-main-stick-meta":"","header-below-stick-meta":"","astra-migrate-meta-layouts":"set","ast-page-background-enabled":"default","ast-page-background-meta":{"desktop":{"background-color":"","background-image":"","background-repeat":"repeat","background-position":"center center","background-size":"auto","background-attachment":"scroll","background-type":"","background-media":"","overlay-type":"","overlay-color":"","overlay-gradient":""},"tablet":{"background-color":"","background-image":"","background-repeat":"repeat","background-position":"center center","background-size":"auto","background-attachment":"scroll","background-type":"","background-media":"","overlay-type":"","overlay-color":"","overlay-gradient":""},"mobile":{"background-color":"","background-image":"","background-repeat":"repeat","background-position":"center center","background-size":"auto","background-attachment":"scroll","background-type":"","background-media":"","overlay-type":"","overlay-color":"","overlay-gradient":""}},"ast-content-background-meta":{"desktop":{"background-color":"var(--ast-global-color-5)","background-image":"","background-repeat":"repeat","background-position":"center center","background-size":"auto","background-attachment":"scroll","background-type":"","background-media":"","overlay-type":"","overlay-color":"","overlay-gradient":""},"tablet":{"background-color":"var(--ast-global-color-5)","background-image":"","background-repeat":"repeat","background-position":"center center","background-size":"auto","background-attachment":"scroll","background-type":"","background-media":"","overlay-type":"","overlay-color":"","overlay-gradient":""},"mobile":{"background-color":"var(--ast-global-color-5)","background-image":"","background-repeat":"repeat","background-position":"center center","background-size":"auto","background-attachment":"scroll","background-type":"","background-media":"","overlay-type":"","overlay-color":"","overlay-gradient":""}},"footnotes":""},"class_list":["post-882","page","type-page","status-publish","hentry"],"uagb_featured_image_src":{"full":false,"thumbnail":false,"medium":false,"medium_large":false,"large":false,"1536x1536":false,"2048x2048":false},"uagb_author_info":{"display_name":"t.kaspar","author_link":"https:\/\/tobiaskaspar.de\/author\/t-kaspar"},"uagb_comment_info":0,"uagb_excerpt":"Seminare und Fortbildungen\/ Inhouse-Schulungen Wie ein \u201eX\u201c Deine Welt ver\u00e4ndern kann! &#8211; Willkommen bei BrainGym 104\u00ae: Entdecke die Kraft der Bewegung f\u00fcr dein Denken! Der Kurs &#8220;Brain Gym\u00ae 104&#8221; fokussiert sich auf die 26 grundlegenden Bewegungen, die speziell entwickelt wurden, um das Lernen, die Konzentration und das allgemeine Wohlbefinden zu f\u00f6rdern.&nbsp; Bewegungs\u00fcbungen f\u00fcr besseres Lernen&hellip;","_links":{"self":[{"href":"https:\/\/tobiaskaspar.de\/index.php?rest_route=\/wp\/v2\/pages\/882","targetHints":{"allow":["GET"]}}],"collection":[{"href":"https:\/\/tobiaskaspar.de\/index.php?rest_route=\/wp\/v2\/pages"}],"about":[{"href":"https:\/\/tobiaskaspar.de\/index.php?rest_route=\/wp\/v2\/types\/page"}],"author":[{"embeddable":true,"href":"https:\/\/tobiaskaspar.de\/index.php?rest_route=\/wp\/v2\/users\/1"}],"replies":[{"embeddable":true,"href":"https:\/\/tobiaskaspar.de\/index.php?rest_route=%2Fwp%2Fv2%2Fcomments&post=882"}],"version-history":[{"count":48,"href":"https:\/\/tobiaskaspar.de\/index.php?rest_route=\/wp\/v2\/pages\/882\/revisions"}],"predecessor-version":[{"id":1557,"href":"https:\/\/tobiaskaspar.de\/index.php?rest_route=\/wp\/v2\/pages\/882\/revisions\/1557"}],"up":[{"embeddable":true,"href":"https:\/\/tobiaskaspar.de\/index.php?rest_route=\/wp\/v2\/pages\/909"}],"wp:attachment":[{"href":"https:\/\/tobiaskaspar.de\/index.php?rest_route=%2Fwp%2Fv2%2Fmedia&parent=882"}],"curies":[{"name":"wp","href":"https:\/\/api.w.org\/{rel}","templated":true}]}}