{"id":1389,"date":"2023-12-28T17:51:57","date_gmt":"2023-12-28T16:51:57","guid":{"rendered":"https:\/\/tobiaskaspar.de\/?page_id=1389"},"modified":"2024-12-31T15:03:36","modified_gmt":"2024-12-31T14:03:36","slug":"menschenwuerde-und-scham","status":"publish","type":"page","link":"https:\/\/tobiaskaspar.de\/?page_id=1389","title":{"rendered":"Menschenw\u00fcrde und Scham"},"content":{"rendered":"<nav class=\"is-responsive items-justified-center wp-block-navigation is-content-justification-center is-layout-flex wp-container-core-navigation-is-layout-a89b3969 wp-block-navigation-is-layout-flex\" aria-label=\"Men\u00fc (2)\" \n\t\t data-wp-interactive=\"core\/navigation\" data-wp-context='{\"overlayOpenedBy\":{\"click\":false,\"hover\":false,\"focus\":false},\"type\":\"overlay\",\"roleAttribute\":\"\",\"ariaLabel\":\"Men\\u00fc\"}'><button aria-haspopup=\"dialog\" aria-label=\"Men\u00fc \u00f6ffnen\" class=\"wp-block-navigation__responsive-container-open\" \n\t\t\t\tdata-wp-on--click=\"actions.openMenuOnClick\"\n\t\t\t\tdata-wp-on--keydown=\"actions.handleMenuKeydown\"\n\t\t\t><svg width=\"24\" height=\"24\" xmlns=\"http:\/\/www.w3.org\/2000\/svg\" viewBox=\"0 0 24 24\" aria-hidden=\"true\" focusable=\"false\"><path d=\"M4 7.5h16v1.5H4z\"><\/path><path d=\"M4 15h16v1.5H4z\"><\/path><\/svg><\/button>\n\t\t\t\t<div class=\"wp-block-navigation__responsive-container\"  id=\"modal-1\" \n\t\t\t\tdata-wp-class--has-modal-open=\"state.isMenuOpen\"\n\t\t\t\tdata-wp-class--is-menu-open=\"state.isMenuOpen\"\n\t\t\t\tdata-wp-watch=\"callbacks.initMenu\"\n\t\t\t\tdata-wp-on--keydown=\"actions.handleMenuKeydown\"\n\t\t\t\tdata-wp-on--focusout=\"actions.handleMenuFocusout\"\n\t\t\t\ttabindex=\"-1\"\n\t\t\t>\n\t\t\t\t\t<div class=\"wp-block-navigation__responsive-close\" tabindex=\"-1\">\n\t\t\t\t\t\t<div class=\"wp-block-navigation__responsive-dialog\" \n\t\t\t\tdata-wp-bind--aria-modal=\"state.ariaModal\"\n\t\t\t\tdata-wp-bind--aria-label=\"state.ariaLabel\"\n\t\t\t\tdata-wp-bind--role=\"state.roleAttribute\"\n\t\t\t>\n\t\t\t\t\t\t\t<button aria-label=\"Men\u00fc schlie\u00dfen\" class=\"wp-block-navigation__responsive-container-close\" \n\t\t\t\tdata-wp-on--click=\"actions.closeMenuOnClick\"\n\t\t\t><svg xmlns=\"http:\/\/www.w3.org\/2000\/svg\" viewBox=\"0 0 24 24\" width=\"24\" height=\"24\" aria-hidden=\"true\" focusable=\"false\"><path d=\"m13.06 12 6.47-6.47-1.06-1.06L12 10.94 5.53 4.47 4.47 5.53 10.94 12l-6.47 6.47 1.06 1.06L12 13.06l6.47 6.47 1.06-1.06L13.06 12Z\"><\/path><\/svg><\/button>\n\t\t\t\t\t\t\t<div class=\"wp-block-navigation__responsive-container-content\" \n\t\t\t\tdata-wp-watch=\"callbacks.focusFirstElement\"\n\t\t\t id=\"modal-1-content\">\n\t\t\t\t\t\t\t\t<ul class=\"wp-block-navigation__container is-responsive items-justified-center wp-block-navigation\"><li class=\" wp-block-navigation-item wp-block-navigation-link\"><a class=\"wp-block-navigation-item__content\"  href=\"https:\/\/tobiaskaspar.de\/?page_id=909\"><span class=\"wp-block-navigation-item__label\">Home<\/span><\/a><\/li><li class=\" wp-block-navigation-item wp-block-navigation-link\"><a class=\"wp-block-navigation-item__content\"  href=\"https:\/\/tobiaskaspar.de\/?page_id=881\"><span class=\"wp-block-navigation-item__label\">\u00dcber mich<\/span><\/a><\/li><li class=\" wp-block-navigation-item wp-block-navigation-link\"><a class=\"wp-block-navigation-item__content\"  href=\"https:\/\/tobiaskaspar.de\/?page_id=1324\"><span class=\"wp-block-navigation-item__label\">Angebote<\/span><\/a><\/li><li class=\" wp-block-navigation-item wp-block-navigation-link\"><a class=\"wp-block-navigation-item__content\"  href=\"https:\/\/tobiaskaspar.de\/?page_id=883\"><span class=\"wp-block-navigation-item__label\">Gordon Familientraining<\/span><\/a><\/li><li class=\" wp-block-navigation-item wp-block-navigation-link\"><a class=\"wp-block-navigation-item__content\"  href=\"https:\/\/tobiaskaspar.de\/?page_id=884\"><span class=\"wp-block-navigation-item__label\">Kooperationspartner<\/span><\/a><\/li><li class=\" wp-block-navigation-item wp-block-navigation-link\"><a class=\"wp-block-navigation-item__content\"  href=\"https:\/\/tobiaskaspar.de\/?page_id=977\"><span class=\"wp-block-navigation-item__label\">Anmelden<\/span><\/a><\/li><\/ul>\n\t\t\t\t\t\t\t<\/div>\n\t\t\t\t\t\t<\/div>\n\t\t\t\t\t<\/div>\n\t\t\t\t<\/div><\/nav>\n\n\n<div style=\"height:51px\" aria-hidden=\"true\" class=\"wp-block-spacer\"><\/div>\n\n\n\n<h3 class=\"wp-block-heading\">Menschenw\u00fcrde und Scham<\/h3>\n\n\n\n<hr class=\"wp-block-separator has-text-color has-alpha-channel-opacity has-background is-style-wide\" style=\"background-color:#70ad47;color:#70ad47\"\/>\n\n\n\n<div style=\"height:58px\" aria-hidden=\"true\" class=\"wp-block-spacer\"><\/div>\n\n\n\n<p class=\"has-black-color has-text-color has-link-color wp-elements-ca91152795cfeb977f4a1bfe89834bfd\">Ein professioneller, w\u00fcrdevoller Umgang mit Scham ist daher unerl\u00e4sslich, um Vertrauen aufzubauen, Empathie zu zeigen und Menschen in belastenden Situationen zu unterst\u00fctzen.<\/p>\n\n\n\n<p class=\"has-black-color has-text-color has-link-color has-medium-font-size wp-elements-da610114cd68da624fa6c5441ae090ad\"><strong><u>Ihre Vorteile des Kurses<\/u><\/strong><\/p>\n\n\n\n<p class=\"has-black-color has-text-color\">Ihr Kenntnisgewinn: <\/p>\n\n\n\n<p class=\"has-black-color has-text-color\">Sie entwickeln ein tieferes Verst\u00e4ndnis f\u00fcr die Dynamik von Scham und W\u00fcrde. Sie lernen, wie Sie in Ihrem beruflichen Kontext schambesetzte Situationen w\u00fcrdevoll l\u00f6sen k\u00f6nnen.<br>Sie st\u00e4rken Ihre F\u00e4higkeit, einen sicheren und wertsch\u00e4tzenden Raum (Raum der W\u00fcrde) f\u00fcr andere zu schaffen.\u00a0<br>Dieser innovative Ansatz des \u201eRaums der W\u00fcrde\u201c bietet:<\/p>\n\n\n\n<ul class=\"wp-block-list\">\n<li class=\"has-black-color has-text-color has-link-color wp-elements-1bf6d811bc29624ac6f9816fefa3abb3\">Einen sicheren Reflexionsraum: Teilnehmer*innen lernen, wie sie einen gesch\u00fctzten Raum schaffen, der W\u00fcrde bewahrt und erm\u00f6glicht, Scham empathisch zu begegnen.<\/li>\n\n\n\n<li class=\"has-black-color has-text-color has-link-color wp-elements-ae644b003f089de05a23f20b58a97c81\">Werkzeuge zur Gespr\u00e4chsf\u00fchrung: Praktische Methoden, um eine w\u00fcrdesensible Kommunikation zu f\u00f6rdern.<\/li>\n\n\n\n<li class=\"has-black-color has-text-color has-link-color wp-elements-a70a570538333f47de075499b084892a\">Selbstreflexion: Die eigene Haltung und Praxis im Umgang mit Scham und W\u00fcrde zu reflektieren und zu st\u00e4rken.<\/li>\n<\/ul>\n\n\n\n<p class=\"has-black-color has-text-color has-link-color wp-elements-d2d02566bceeba41faec445f415e701b\"><strong><u>Umfang\/ Preis<\/u><\/strong> <\/p>\n\n\n\n<p class=\"has-black-color has-text-color has-link-color wp-elements-5c837081aa0108ba027914311d0a7c12\">4,5 Zeitstunden 65,00\u20ac\/ Teilnehmenden inkl. Zertifizierung<\/p>\n\n\n\n<p class=\"has-black-color has-text-color has-link-color wp-elements-c449ef4cb22978eb3defce5fe613596b\"><strong><u>Teilnahmenachweis<\/u><\/strong> <\/p>\n\n\n\n<p class=\"has-black-color has-text-color has-link-color wp-elements-839e24622394ba367baa00c9b613aaa1\">Zertifikat<\/p>\n\n\n\n<p class=\"has-black-color has-text-color has-link-color wp-elements-9ac00cf961d1ea846fe5a532228b76c6\"><\/p>\n\n\n\n<p class=\"has-black-color has-text-color has-link-color wp-elements-8445add0b1abd4a8e616b0a667b8abaa\"><strong><u>Zielgruppe<\/u><\/strong> <\/p>\n\n\n\n<p class=\"has-black-color has-text-color has-link-color wp-elements-ac44f209c56a2e8bebd91b22966b59dc\">Diese Fortbildung richtet sich an Fachkr\u00e4fte aus den Bereichen Soziale Arbeit, P\u00e4dagogik, Pflege, Therapie und Beratung, die in ihrem beruflichen Alltag mit Menschen in belastenden Lebenssituationen arbeiten und ihre Kompetenzen im respektvollen Umgang mit Scham und Menschenw\u00fcrde st\u00e4rken m\u00f6chten.<\/p>\n\n\n\n<p class=\"has-black-color has-text-color has-link-color wp-elements-4ee1d02359c4840bb1518e404795b7a0\"><strong><u>Termine\/ Veranstaltungsort&nbsp;<\/u><\/strong><\/p>\n\n\n\n<p class=\"has-black-color has-text-color has-link-color wp-elements-0a67b7631a273e954e5c15626d5ba42d\">Pr\u00e4senztermine: (jeweils 17:00 Uhr bis 21:30 Uhr)<br>Kurs 1: 23.04.2025<br>Kurs 2: 10.02.2026<br>Ort: Grasweg 15, 37191 Katlenburg Lindau<br><br>Onlinetermine: (jeweils 17:00 Uhr bis 21:30 Uhr)<br>Kurs 1: 19.03.2025<br>Kurs 2: 03.09.2025<br>Kurs 3: 14.01.2026<br>Ort: Zoom<\/p>\n\n\n\n<p class=\"has-black-color has-text-color has-link-color has-medium-font-size wp-elements-47fa6c2505f9af550f475badee7e7b48\"><strong><u>5 FAQ<\/u><\/strong><\/p>\n\n\n\n<p class=\"has-black-color has-text-color has-link-color wp-elements-906de77f6fa134a8aecb871a993a7d7d\">1. Warum ist die Verbindung zwischen Menschenw\u00fcrde und Scham in der sozialen und p\u00e4dagogischen Arbeit wichtig?<\/p>\n\n\n\n<p class=\"has-black-color has-text-color has-link-color wp-elements-41eb773427e98332e44a1963aca1afda\">In sozialen und p\u00e4dagogischen Berufen arbeiten Fachkr\u00e4fte oft mit Menschen, die sich in verletzlichen oder herausfordernden Lebenssituationen befinden. Scham kann ein starkes Gef\u00fchl der Entwertung und des Selbstzweifels ausl\u00f6sen, dass sich direkt auf die Wahrnehmung der eigenen W\u00fcrde auswirkt. Ein professioneller Umgang, der Menschenw\u00fcrde sch\u00fctzt und st\u00e4rkt, kann den Betroffenen helfen, Scham zu \u00fcberwinden und Selbstachtung zu bewahren.<\/p>\n\n\n\n<p class=\"has-black-color has-text-color has-link-color wp-elements-ba267a29e6ba4dd9324f027d4d31777c\">2. Wie \u00e4u\u00dfert sich Scham und wie kann man sie erkennen?<\/p>\n\n\n\n<p class=\"has-black-color has-text-color has-link-color wp-elements-dccdb958e79f1214885e2172fbb04dc5\">Scham \u00e4u\u00dfert sich oft durch k\u00f6rperliche Signale wie Err\u00f6ten, gesenkte Blicke, Unruhe oder ein R\u00fcckzugsverhalten. Verbale und nonverbale Signale wie Entschuldigungen oder selbstkritische Aussagen k\u00f6nnen ebenfalls Hinweise sein. Ein sensibles Erkennen solcher Signale ist wichtig, um angemessen und unterst\u00fctzend reagieren zu k\u00f6nnen.<\/p>\n\n\n\n<p class=\"has-black-color has-text-color has-link-color wp-elements-eb6bf025e9b55dafc8a713d7fa138f6c\">3. Warum ist es f\u00fcr viele Menschen schwer, \u00fcber Scham zu sprechen?<\/p>\n\n\n\n<p class=\"has-black-color has-text-color has-link-color wp-elements-a39d5132043b29348437575b43eb938e\">Scham ist eine der pers\u00f6nlichsten und oft schmerzhaftesten Emotionen, da sie das Selbstwertgef\u00fchl tiefgreifend beeinflusst. Viele Menschen vermeiden es, \u00fcber Scham zu sprechen, aus Angst vor erneuter Blo\u00dfstellung oder Verurteilung. Es bedarf eines sehr sicheren Rahmens und eines verst\u00e4ndnisvollen Gegen\u00fcbers, damit sich Menschen trauen, Scham offen anzusprechen.<\/p>\n\n\n\n<p class=\"has-black-color has-text-color has-link-color wp-elements-52a06b7c558e25cd0dbbb456670f7024\">4. Wie unterscheidet sich Scham von Schuld?<\/p>\n\n\n\n<p class=\"has-black-color has-text-color has-link-color wp-elements-67676ada235b4dc68f54bdc0f8605562\">Scham und Schuld sind eng miteinander verwandt, doch sie unterscheiden sich: Schuldgef\u00fchle entstehen meist durch konkrete Handlungen, bei denen eine Person glaubt, etwas falsch gemacht zu haben, w\u00e4hrend Scham sich auf das eigene Selbstwertgef\u00fchl bezieht. Bei Scham empfindet die Person, dass sie selbst \u201efalsch\u201c ist oder nicht den Erwartungen entspricht. Scham hat daher oft st\u00e4rkere Auswirkungen auf das Gef\u00fchl von W\u00fcrde und Selbstwert.<\/p>\n\n\n\n<p class=\"has-black-color has-text-color has-link-color wp-elements-36fd9e7e53ea2c08f9f6f1ca6b8c24ee\">5. Wie kann ein Raum der W\u00fcrde in der Arbeitswelt etabliert werden?<\/p>\n\n\n\n<p class=\"has-black-color has-text-color has-link-color wp-elements-249b45b2fc20a97274bdb7ddb4f80b94\">In der Arbeitswelt kann ein Raum der W\u00fcrde durch F\u00fchrungskultur, Kommunikationsstil und die F\u00f6rderung eines respektvollen Arbeitsumfelds etabliert werden. Dazu geh\u00f6ren transparente Entscheidungsprozesse, Feedback-Kultur auf Augenh\u00f6he, sowie Ma\u00dfnahmen zum Schutz von Diskriminierung und Mobbing. Weiterhin kann die F\u00f6rderung von psychischer Gesundheit und das Angebot von Unterst\u00fctzung in schwierigen Zeiten dazu beitragen, diesen Raum zu sichern.<\/p>\n\n\n\n<p class=\"has-black-color has-text-color has-link-color wp-elements-7f1c06ee14b25b945e28fbc1a2ff53f3\">In Bildungseinrichtungen wird ein Raum der W\u00fcrde durch die Schaffung eines respektvollen, sicheren und inklusiven Umfelds definiert. Lehrkr\u00e4fte k\u00f6nnen diesen Raum f\u00f6rdern, indem sie sich aktiv f\u00fcr Vielfalt und Inklusion einsetzen, Sch\u00fcler<\/p>\n\n\n\n<p class=\"has-black-color has-text-color has-link-color wp-elements-ddde50022d5cf9f70bc54160373d7223\">unabh\u00e4ngig von Herkunft, Geschlecht oder Leistungsniveau gleich behandeln und sicherstellen, dass sich jeder in der Klasse respektiert f\u00fchlt. Es ist auch wichtig, dass Sch\u00fcler<\/p>\n\n\n\n<p class=\"has-black-color has-text-color has-link-color wp-elements-5478dcc9025606f2cffd3af1e8df81f7\">die M\u00f6glichkeit haben, sich zu \u00e4u\u00dfern und Fehler zu machen, ohne dass dies ihre W\u00fcrde in Frage stellt.<\/p>\n\n\n\n<p class=\"has-black-color has-text-color has-link-color wp-elements-957600a6196549df4c7ef5c8cfbae192\"><strong>Dieses Seminar ist auch als Inhouse-Veranstaltung f\u00fcr Firmen, Arztpraxen, Kitas, Schulen, und andere Einrichtungen buchbar.&nbsp; Gern erstellen wir Ihnen ein individuelles Angebot.<\/strong><\/p>\n\n\n\n<p class=\"has-black-color has-text-color has-link-color wp-elements-6367c32d355b77eb36ecd17dc1f1f3c3\">Bei R\u00fcckfragen melden Sie sich gern <a href=\"https:\/\/tobiaskaspar.de\/?page_id=977\" data-type=\"page\" data-id=\"977\">hier<\/a>.<\/p>\n\n\n\n<div style=\"height:62px\" aria-hidden=\"true\" class=\"wp-block-spacer\"><\/div>\n\n\n\n<hr class=\"wp-block-separator has-text-color has-alpha-channel-opacity has-background is-style-wide\" style=\"background-color:#646b63;color:#646b63\"\/>\n","protected":false},"excerpt":{"rendered":"<p>Menschenw\u00fcrde und Scham Ein professioneller, w\u00fcrdevoller Umgang mit Scham ist daher unerl\u00e4sslich, um Vertrauen aufzubauen, Empathie zu zeigen und Menschen in belastenden Situationen zu unterst\u00fctzen. Ihre Vorteile des Kurses Ihr Kenntnisgewinn: Sie entwickeln ein tieferes Verst\u00e4ndnis f\u00fcr die Dynamik von Scham und W\u00fcrde. Sie lernen, wie Sie in Ihrem beruflichen Kontext schambesetzte Situationen w\u00fcrdevoll l\u00f6sen [&hellip;]<\/p>\n","protected":false},"author":1,"featured_media":0,"parent":0,"menu_order":0,"comment_status":"closed","ping_status":"closed","template":"","meta":{"_uag_custom_page_level_css":"","_monsterinsights_skip_tracking":false,"_monsterinsights_sitenote_active":false,"_monsterinsights_sitenote_note":"","_monsterinsights_sitenote_category":0,"site-sidebar-layout":"default","site-content-layout":"","ast-site-content-layout":"default","site-content-style":"default","site-sidebar-style":"default","ast-global-header-display":"","ast-banner-title-visibility":"","ast-main-header-display":"","ast-hfb-above-header-display":"","ast-hfb-below-header-display":"","ast-hfb-mobile-header-display":"","site-post-title":"disabled","ast-breadcrumbs-content":"","ast-featured-img":"","footer-sml-layout":"","theme-transparent-header-meta":"","adv-header-id-meta":"","stick-header-meta":"","header-above-stick-meta":"","header-main-stick-meta":"","header-below-stick-meta":"","astra-migrate-meta-layouts":"set","ast-page-background-enabled":"default","ast-page-background-meta":{"desktop":{"background-color":"","background-image":"","background-repeat":"repeat","background-position":"center center","background-size":"auto","background-attachment":"scroll","background-type":"","background-media":"","overlay-type":"","overlay-color":"","overlay-gradient":""},"tablet":{"background-color":"","background-image":"","background-repeat":"repeat","background-position":"center center","background-size":"auto","background-attachment":"scroll","background-type":"","background-media":"","overlay-type":"","overlay-color":"","overlay-gradient":""},"mobile":{"background-color":"","background-image":"","background-repeat":"repeat","background-position":"center center","background-size":"auto","background-attachment":"scroll","background-type":"","background-media":"","overlay-type":"","overlay-color":"","overlay-gradient":""}},"ast-content-background-meta":{"desktop":{"background-color":"var(--ast-global-color-5)","background-image":"","background-repeat":"repeat","background-position":"center center","background-size":"auto","background-attachment":"scroll","background-type":"","background-media":"","overlay-type":"","overlay-color":"","overlay-gradient":""},"tablet":{"background-color":"var(--ast-global-color-5)","background-image":"","background-repeat":"repeat","background-position":"center center","background-size":"auto","background-attachment":"scroll","background-type":"","background-media":"","overlay-type":"","overlay-color":"","overlay-gradient":""},"mobile":{"background-color":"var(--ast-global-color-5)","background-image":"","background-repeat":"repeat","background-position":"center center","background-size":"auto","background-attachment":"scroll","background-type":"","background-media":"","overlay-type":"","overlay-color":"","overlay-gradient":""}},"footnotes":""},"class_list":["post-1389","page","type-page","status-publish","hentry"],"uagb_featured_image_src":{"full":false,"thumbnail":false,"medium":false,"medium_large":false,"large":false,"1536x1536":false,"2048x2048":false},"uagb_author_info":{"display_name":"t.kaspar","author_link":"https:\/\/tobiaskaspar.de\/author\/t-kaspar"},"uagb_comment_info":0,"uagb_excerpt":"Menschenw\u00fcrde und Scham Ein professioneller, w\u00fcrdevoller Umgang mit Scham ist daher unerl\u00e4sslich, um Vertrauen aufzubauen, Empathie zu zeigen und Menschen in belastenden Situationen zu unterst\u00fctzen. Ihre Vorteile des Kurses Ihr Kenntnisgewinn: Sie entwickeln ein tieferes Verst\u00e4ndnis f\u00fcr die Dynamik von Scham und W\u00fcrde. Sie lernen, wie Sie in Ihrem beruflichen Kontext schambesetzte Situationen w\u00fcrdevoll l\u00f6sen&hellip;","_links":{"self":[{"href":"https:\/\/tobiaskaspar.de\/index.php?rest_route=\/wp\/v2\/pages\/1389","targetHints":{"allow":["GET"]}}],"collection":[{"href":"https:\/\/tobiaskaspar.de\/index.php?rest_route=\/wp\/v2\/pages"}],"about":[{"href":"https:\/\/tobiaskaspar.de\/index.php?rest_route=\/wp\/v2\/types\/page"}],"author":[{"embeddable":true,"href":"https:\/\/tobiaskaspar.de\/index.php?rest_route=\/wp\/v2\/users\/1"}],"replies":[{"embeddable":true,"href":"https:\/\/tobiaskaspar.de\/index.php?rest_route=%2Fwp%2Fv2%2Fcomments&post=1389"}],"version-history":[{"count":4,"href":"https:\/\/tobiaskaspar.de\/index.php?rest_route=\/wp\/v2\/pages\/1389\/revisions"}],"predecessor-version":[{"id":1541,"href":"https:\/\/tobiaskaspar.de\/index.php?rest_route=\/wp\/v2\/pages\/1389\/revisions\/1541"}],"wp:attachment":[{"href":"https:\/\/tobiaskaspar.de\/index.php?rest_route=%2Fwp%2Fv2%2Fmedia&parent=1389"}],"curies":[{"name":"wp","href":"https:\/\/api.w.org\/{rel}","templated":true}]}}