{"id":1357,"date":"2023-12-28T16:21:43","date_gmt":"2023-12-28T15:21:43","guid":{"rendered":"https:\/\/tobiaskaspar.de\/?page_id=1357"},"modified":"2023-12-29T18:34:06","modified_gmt":"2023-12-29T17:34:06","slug":"betreuungsangebote-im-rahmen-der-verhinderungspflege","status":"publish","type":"page","link":"https:\/\/tobiaskaspar.de\/?page_id=1357","title":{"rendered":"Betreuungsangebote im Rahmen der Verhinderungspflege"},"content":{"rendered":"<nav class=\"is-responsive items-justified-center wp-block-navigation is-content-justification-center is-layout-flex wp-container-core-navigation-is-layout-a89b3969 wp-block-navigation-is-layout-flex\" aria-label=\"Men\u00fc (2)\" \n\t\t data-wp-interactive=\"core\/navigation\" data-wp-context='{\"overlayOpenedBy\":{\"click\":false,\"hover\":false,\"focus\":false},\"type\":\"overlay\",\"roleAttribute\":\"\",\"ariaLabel\":\"Men\\u00fc\"}'><button aria-haspopup=\"dialog\" aria-label=\"Men\u00fc \u00f6ffnen\" class=\"wp-block-navigation__responsive-container-open\" \n\t\t\t\tdata-wp-on--click=\"actions.openMenuOnClick\"\n\t\t\t\tdata-wp-on--keydown=\"actions.handleMenuKeydown\"\n\t\t\t><svg width=\"24\" height=\"24\" xmlns=\"http:\/\/www.w3.org\/2000\/svg\" viewBox=\"0 0 24 24\" aria-hidden=\"true\" focusable=\"false\"><path d=\"M4 7.5h16v1.5H4z\"><\/path><path d=\"M4 15h16v1.5H4z\"><\/path><\/svg><\/button>\n\t\t\t\t<div class=\"wp-block-navigation__responsive-container\"  id=\"modal-1\" \n\t\t\t\tdata-wp-class--has-modal-open=\"state.isMenuOpen\"\n\t\t\t\tdata-wp-class--is-menu-open=\"state.isMenuOpen\"\n\t\t\t\tdata-wp-watch=\"callbacks.initMenu\"\n\t\t\t\tdata-wp-on--keydown=\"actions.handleMenuKeydown\"\n\t\t\t\tdata-wp-on--focusout=\"actions.handleMenuFocusout\"\n\t\t\t\ttabindex=\"-1\"\n\t\t\t>\n\t\t\t\t\t<div class=\"wp-block-navigation__responsive-close\" tabindex=\"-1\">\n\t\t\t\t\t\t<div class=\"wp-block-navigation__responsive-dialog\" \n\t\t\t\tdata-wp-bind--aria-modal=\"state.ariaModal\"\n\t\t\t\tdata-wp-bind--aria-label=\"state.ariaLabel\"\n\t\t\t\tdata-wp-bind--role=\"state.roleAttribute\"\n\t\t\t>\n\t\t\t\t\t\t\t<button aria-label=\"Men\u00fc schlie\u00dfen\" class=\"wp-block-navigation__responsive-container-close\" \n\t\t\t\tdata-wp-on--click=\"actions.closeMenuOnClick\"\n\t\t\t><svg xmlns=\"http:\/\/www.w3.org\/2000\/svg\" viewBox=\"0 0 24 24\" width=\"24\" height=\"24\" aria-hidden=\"true\" focusable=\"false\"><path d=\"m13.06 12 6.47-6.47-1.06-1.06L12 10.94 5.53 4.47 4.47 5.53 10.94 12l-6.47 6.47 1.06 1.06L12 13.06l6.47 6.47 1.06-1.06L13.06 12Z\"><\/path><\/svg><\/button>\n\t\t\t\t\t\t\t<div class=\"wp-block-navigation__responsive-container-content\" \n\t\t\t\tdata-wp-watch=\"callbacks.focusFirstElement\"\n\t\t\t id=\"modal-1-content\">\n\t\t\t\t\t\t\t\t<ul class=\"wp-block-navigation__container is-responsive items-justified-center wp-block-navigation\"><li class=\" wp-block-navigation-item wp-block-navigation-link\"><a class=\"wp-block-navigation-item__content\"  href=\"https:\/\/tobiaskaspar.de\/?page_id=909\"><span class=\"wp-block-navigation-item__label\">Home<\/span><\/a><\/li><li class=\" wp-block-navigation-item wp-block-navigation-link\"><a class=\"wp-block-navigation-item__content\"  href=\"https:\/\/tobiaskaspar.de\/?page_id=881\"><span class=\"wp-block-navigation-item__label\">\u00dcber mich<\/span><\/a><\/li><li class=\" wp-block-navigation-item wp-block-navigation-link\"><a class=\"wp-block-navigation-item__content\"  href=\"https:\/\/tobiaskaspar.de\/?page_id=1324\"><span class=\"wp-block-navigation-item__label\">Angebote<\/span><\/a><\/li><li class=\" wp-block-navigation-item wp-block-navigation-link\"><a class=\"wp-block-navigation-item__content\"  href=\"https:\/\/tobiaskaspar.de\/?page_id=883\"><span class=\"wp-block-navigation-item__label\">Gordon Familientraining<\/span><\/a><\/li><li class=\" wp-block-navigation-item wp-block-navigation-link\"><a class=\"wp-block-navigation-item__content\"  href=\"https:\/\/tobiaskaspar.de\/?page_id=884\"><span class=\"wp-block-navigation-item__label\">Kooperationspartner<\/span><\/a><\/li><li class=\" wp-block-navigation-item wp-block-navigation-link\"><a class=\"wp-block-navigation-item__content\"  href=\"https:\/\/tobiaskaspar.de\/?page_id=977\"><span class=\"wp-block-navigation-item__label\">Anmelden<\/span><\/a><\/li><\/ul>\n\t\t\t\t\t\t\t<\/div>\n\t\t\t\t\t\t<\/div>\n\t\t\t\t\t<\/div>\n\t\t\t\t<\/div><\/nav>\n\n\n<div style=\"height:38px\" aria-hidden=\"true\" class=\"wp-block-spacer\"><\/div>\n\n\n\n<h3 class=\"wp-block-heading\">Betreuungsangebote im Rahmen der Verhinderungspflege<\/h3>\n\n\n\n<hr class=\"wp-block-separator has-text-color has-alpha-channel-opacity has-background is-style-wide\" style=\"background-color:#70ad47;color:#70ad47\"\/>\n\n\n\n<div style=\"height:33px\" aria-hidden=\"true\" class=\"wp-block-spacer\"><\/div>\n\n\n\n<div class=\"wp-block-uagb-blockquote uagb-block-1ce98b57 uagb-blockquote__skin-quotation uagb-blockquote__align-center uagb-blockquote__style-style_2 uagb-blockquote__stack-img-none\"><blockquote class=\"uagb-blockquote\"><span class=\"uagb-blockquote__icon\"><svg width=\"20\" height=\"20\" viewBox=\"0 0 32 32\"><path d=\"M7.031 14c3.866 0 7 3.134 7 7s-3.134 7-7 7-7-3.134-7-7l-0.031-1c0-7.732 6.268-14 14-14v4c-2.671 0-5.182 1.040-7.071 2.929-0.364 0.364-0.695 0.751-0.995 1.157 0.357-0.056 0.724-0.086 1.097-0.086zM25.031 14c3.866 0 7 3.134 7 7s-3.134 7-7 7-7-3.134-7-7l-0.031-1c0-7.732 6.268-14 14-14v4c-2.671 0-5.182 1.040-7.071 2.929-0.364 0.364-0.695 0.751-0.995 1.157 0.358-0.056 0.724-0.086 1.097-0.086z\"><\/path><\/svg><\/span><div class=\"uagb-blockquote__content\">Kinder m\u00fcssen mit Erwachsenen sehr viel Nachsicht haben.<\/div><footer><div class=\"uagb-blockquote__author-wrap uagb-blockquote__author-at-left\"><cite class=\"uagb-blockquote__author\">Antoine de Saint-Exup\u00e9ry<\/cite><\/div><\/footer><\/blockquote><\/div>\n\n\n\n<div style=\"height:49px\" aria-hidden=\"true\" class=\"wp-block-spacer\"><\/div>\n\n\n\n<p class=\"has-black-color has-text-color\">Die stundenweise Verhinderungspflege von Kindern bezieht sich auf eine zeitlich begrenzte Betreuungsleistung f\u00fcr Kinder mit Pflegebedarf, bei der eine Pflegeperson (z.B. ein Elternteil oder ein Pflegedienst) zeitweise durch eine andere Person vertreten wird. Dies kann zum Beispiel der Fall sein, wenn die pflegende Person selbst erkrankt oder eine Auszeit ben\u00f6tigt.<\/p>\n\n\n\n<p class=\"has-black-color has-text-color\">Die stundenweise Verhinderungspflege von Kindern ist insbesondere f\u00fcr Familien wichtig, die die Pflege ihres Kindes zu Hause organisieren und dabei auf regelm\u00e4\u00dfige Unterst\u00fctzung angewiesen sind. Durch die Verhinderungspflege kann sich die Pflegeperson z.B. um eigene Angelegenheiten k\u00fcmmern oder eine notwendige Auszeit nehmen, w\u00e4hrend das Kind gut betreut wird.<\/p>\n\n\n\n<p class=\"has-black-color has-text-color has-link-color wp-elements-0b67691d7f5b2d210af6a7a9651b77ca\">F\u00fcr einen unverbindlichen Erstkontakt melden Sie sich einfach <a href=\"https:\/\/tobiaskaspar.de\/?page_id=977\" data-type=\"page\" data-id=\"977\">hier <\/a>an.<\/p>\n\n\n\n<div style=\"height:48px\" aria-hidden=\"true\" class=\"wp-block-spacer\"><\/div>\n\n\n\n<div class=\"wp-block-buttons is-layout-flex wp-block-buttons-is-layout-flex\">\n<div class=\"wp-block-button\"><a class=\"wp-block-button__link wp-element-button\" href=\"https:\/\/tobiaskaspar.de\/?page_id=1324\">Zur\u00fcck<\/a><\/div>\n<\/div>\n\n\n\n<div style=\"height:59px\" aria-hidden=\"true\" class=\"wp-block-spacer\"><\/div>\n\n\n\n<hr class=\"wp-block-separator has-text-color has-alpha-channel-opacity has-background is-style-wide\" style=\"background-color:#646b63;color:#646b63\"\/>\n","protected":false},"excerpt":{"rendered":"<p>Betreuungsangebote im Rahmen der Verhinderungspflege Die stundenweise Verhinderungspflege von Kindern bezieht sich auf eine zeitlich begrenzte Betreuungsleistung f\u00fcr Kinder mit Pflegebedarf, bei der eine Pflegeperson (z.B. ein Elternteil oder ein Pflegedienst) zeitweise durch eine andere Person vertreten wird. Dies kann zum Beispiel der Fall sein, wenn die pflegende Person selbst erkrankt oder eine Auszeit ben\u00f6tigt. [&hellip;]<\/p>\n","protected":false},"author":1,"featured_media":0,"parent":0,"menu_order":0,"comment_status":"closed","ping_status":"closed","template":"","meta":{"_uag_custom_page_level_css":"","_monsterinsights_skip_tracking":false,"_monsterinsights_sitenote_active":false,"_monsterinsights_sitenote_note":"","_monsterinsights_sitenote_category":0,"site-sidebar-layout":"default","site-content-layout":"","ast-site-content-layout":"","site-content-style":"default","site-sidebar-style":"default","ast-global-header-display":"","ast-banner-title-visibility":"","ast-main-header-display":"","ast-hfb-above-header-display":"","ast-hfb-below-header-display":"","ast-hfb-mobile-header-display":"","site-post-title":"disabled","ast-breadcrumbs-content":"","ast-featured-img":"","footer-sml-layout":"","theme-transparent-header-meta":"","adv-header-id-meta":"","stick-header-meta":"","header-above-stick-meta":"","header-main-stick-meta":"","header-below-stick-meta":"","astra-migrate-meta-layouts":"default","ast-page-background-enabled":"default","ast-page-background-meta":{"desktop":{"background-color":"","background-image":"","background-repeat":"repeat","background-position":"center center","background-size":"auto","background-attachment":"scroll","background-type":"","background-media":"","overlay-type":"","overlay-color":"","overlay-gradient":""},"tablet":{"background-color":"","background-image":"","background-repeat":"repeat","background-position":"center center","background-size":"auto","background-attachment":"scroll","background-type":"","background-media":"","overlay-type":"","overlay-color":"","overlay-gradient":""},"mobile":{"background-color":"","background-image":"","background-repeat":"repeat","background-position":"center center","background-size":"auto","background-attachment":"scroll","background-type":"","background-media":"","overlay-type":"","overlay-color":"","overlay-gradient":""}},"ast-content-background-meta":{"desktop":{"background-color":"var(--ast-global-color-5)","background-image":"","background-repeat":"repeat","background-position":"center center","background-size":"auto","background-attachment":"scroll","background-type":"","background-media":"","overlay-type":"","overlay-color":"","overlay-gradient":""},"tablet":{"background-color":"var(--ast-global-color-5)","background-image":"","background-repeat":"repeat","background-position":"center center","background-size":"auto","background-attachment":"scroll","background-type":"","background-media":"","overlay-type":"","overlay-color":"","overlay-gradient":""},"mobile":{"background-color":"var(--ast-global-color-5)","background-image":"","background-repeat":"repeat","background-position":"center center","background-size":"auto","background-attachment":"scroll","background-type":"","background-media":"","overlay-type":"","overlay-color":"","overlay-gradient":""}},"footnotes":""},"class_list":["post-1357","page","type-page","status-publish","hentry"],"uagb_featured_image_src":{"full":false,"thumbnail":false,"medium":false,"medium_large":false,"large":false,"1536x1536":false,"2048x2048":false},"uagb_author_info":{"display_name":"t.kaspar","author_link":"https:\/\/tobiaskaspar.de\/author\/t-kaspar"},"uagb_comment_info":0,"uagb_excerpt":"Betreuungsangebote im Rahmen der Verhinderungspflege Die stundenweise Verhinderungspflege von Kindern bezieht sich auf eine zeitlich begrenzte Betreuungsleistung f\u00fcr Kinder mit Pflegebedarf, bei der eine Pflegeperson (z.B. ein Elternteil oder ein Pflegedienst) zeitweise durch eine andere Person vertreten wird. Dies kann zum Beispiel der Fall sein, wenn die pflegende Person selbst erkrankt oder eine Auszeit ben\u00f6tigt.&hellip;","_links":{"self":[{"href":"https:\/\/tobiaskaspar.de\/index.php?rest_route=\/wp\/v2\/pages\/1357","targetHints":{"allow":["GET"]}}],"collection":[{"href":"https:\/\/tobiaskaspar.de\/index.php?rest_route=\/wp\/v2\/pages"}],"about":[{"href":"https:\/\/tobiaskaspar.de\/index.php?rest_route=\/wp\/v2\/types\/page"}],"author":[{"embeddable":true,"href":"https:\/\/tobiaskaspar.de\/index.php?rest_route=\/wp\/v2\/users\/1"}],"replies":[{"embeddable":true,"href":"https:\/\/tobiaskaspar.de\/index.php?rest_route=%2Fwp%2Fv2%2Fcomments&post=1357"}],"version-history":[{"count":6,"href":"https:\/\/tobiaskaspar.de\/index.php?rest_route=\/wp\/v2\/pages\/1357\/revisions"}],"predecessor-version":[{"id":1433,"href":"https:\/\/tobiaskaspar.de\/index.php?rest_route=\/wp\/v2\/pages\/1357\/revisions\/1433"}],"wp:attachment":[{"href":"https:\/\/tobiaskaspar.de\/index.php?rest_route=%2Fwp%2Fv2%2Fmedia&parent=1357"}],"curies":[{"name":"wp","href":"https:\/\/api.w.org\/{rel}","templated":true}]}}