{"id":1331,"date":"2023-12-28T16:07:21","date_gmt":"2023-12-28T15:07:21","guid":{"rendered":"https:\/\/tobiaskaspar.de\/?page_id=1331"},"modified":"2023-12-29T18:35:10","modified_gmt":"2023-12-29T17:35:10","slug":"systemische-beratung","status":"publish","type":"page","link":"https:\/\/tobiaskaspar.de\/?page_id=1331","title":{"rendered":"Systemische Beratung"},"content":{"rendered":"<nav class=\"is-responsive items-justified-center wp-block-navigation is-content-justification-center is-layout-flex wp-container-core-navigation-is-layout-a89b3969 wp-block-navigation-is-layout-flex\" aria-label=\"Men\u00fc (2)\" \n\t\t data-wp-interactive=\"core\/navigation\" data-wp-context='{\"overlayOpenedBy\":{\"click\":false,\"hover\":false,\"focus\":false},\"type\":\"overlay\",\"roleAttribute\":\"\",\"ariaLabel\":\"Men\\u00fc\"}'><button aria-haspopup=\"dialog\" aria-label=\"Men\u00fc \u00f6ffnen\" class=\"wp-block-navigation__responsive-container-open\" \n\t\t\t\tdata-wp-on--click=\"actions.openMenuOnClick\"\n\t\t\t\tdata-wp-on--keydown=\"actions.handleMenuKeydown\"\n\t\t\t><svg width=\"24\" height=\"24\" xmlns=\"http:\/\/www.w3.org\/2000\/svg\" viewBox=\"0 0 24 24\" aria-hidden=\"true\" focusable=\"false\"><path d=\"M4 7.5h16v1.5H4z\"><\/path><path d=\"M4 15h16v1.5H4z\"><\/path><\/svg><\/button>\n\t\t\t\t<div class=\"wp-block-navigation__responsive-container\"  id=\"modal-1\" \n\t\t\t\tdata-wp-class--has-modal-open=\"state.isMenuOpen\"\n\t\t\t\tdata-wp-class--is-menu-open=\"state.isMenuOpen\"\n\t\t\t\tdata-wp-watch=\"callbacks.initMenu\"\n\t\t\t\tdata-wp-on--keydown=\"actions.handleMenuKeydown\"\n\t\t\t\tdata-wp-on--focusout=\"actions.handleMenuFocusout\"\n\t\t\t\ttabindex=\"-1\"\n\t\t\t>\n\t\t\t\t\t<div class=\"wp-block-navigation__responsive-close\" tabindex=\"-1\">\n\t\t\t\t\t\t<div class=\"wp-block-navigation__responsive-dialog\" \n\t\t\t\tdata-wp-bind--aria-modal=\"state.ariaModal\"\n\t\t\t\tdata-wp-bind--aria-label=\"state.ariaLabel\"\n\t\t\t\tdata-wp-bind--role=\"state.roleAttribute\"\n\t\t\t>\n\t\t\t\t\t\t\t<button aria-label=\"Men\u00fc schlie\u00dfen\" class=\"wp-block-navigation__responsive-container-close\" \n\t\t\t\tdata-wp-on--click=\"actions.closeMenuOnClick\"\n\t\t\t><svg xmlns=\"http:\/\/www.w3.org\/2000\/svg\" viewBox=\"0 0 24 24\" width=\"24\" height=\"24\" aria-hidden=\"true\" focusable=\"false\"><path d=\"m13.06 12 6.47-6.47-1.06-1.06L12 10.94 5.53 4.47 4.47 5.53 10.94 12l-6.47 6.47 1.06 1.06L12 13.06l6.47 6.47 1.06-1.06L13.06 12Z\"><\/path><\/svg><\/button>\n\t\t\t\t\t\t\t<div class=\"wp-block-navigation__responsive-container-content\" \n\t\t\t\tdata-wp-watch=\"callbacks.focusFirstElement\"\n\t\t\t id=\"modal-1-content\">\n\t\t\t\t\t\t\t\t<ul class=\"wp-block-navigation__container is-responsive items-justified-center wp-block-navigation\"><li class=\" wp-block-navigation-item wp-block-navigation-link\"><a class=\"wp-block-navigation-item__content\"  href=\"https:\/\/tobiaskaspar.de\/?page_id=909\"><span class=\"wp-block-navigation-item__label\">Home<\/span><\/a><\/li><li class=\" wp-block-navigation-item wp-block-navigation-link\"><a class=\"wp-block-navigation-item__content\"  href=\"https:\/\/tobiaskaspar.de\/?page_id=881\"><span class=\"wp-block-navigation-item__label\">\u00dcber mich<\/span><\/a><\/li><li class=\" wp-block-navigation-item wp-block-navigation-link\"><a class=\"wp-block-navigation-item__content\"  href=\"https:\/\/tobiaskaspar.de\/?page_id=1324\"><span class=\"wp-block-navigation-item__label\">Angebote<\/span><\/a><\/li><li class=\" wp-block-navigation-item wp-block-navigation-link\"><a class=\"wp-block-navigation-item__content\"  href=\"https:\/\/tobiaskaspar.de\/?page_id=883\"><span class=\"wp-block-navigation-item__label\">Gordon Familientraining<\/span><\/a><\/li><li class=\" wp-block-navigation-item wp-block-navigation-link\"><a class=\"wp-block-navigation-item__content\"  href=\"https:\/\/tobiaskaspar.de\/?page_id=884\"><span class=\"wp-block-navigation-item__label\">Kooperationspartner<\/span><\/a><\/li><li class=\" wp-block-navigation-item wp-block-navigation-link\"><a class=\"wp-block-navigation-item__content\"  href=\"https:\/\/tobiaskaspar.de\/?page_id=977\"><span class=\"wp-block-navigation-item__label\">Anmelden<\/span><\/a><\/li><\/ul>\n\t\t\t\t\t\t\t<\/div>\n\t\t\t\t\t\t<\/div>\n\t\t\t\t\t<\/div>\n\t\t\t\t<\/div><\/nav>\n\n\n<div style=\"height:50px\" aria-hidden=\"true\" class=\"wp-block-spacer\"><\/div>\n\n\n\n<h3 class=\"wp-block-heading\">Systemische Beratung<\/h3>\n\n\n\n<hr class=\"wp-block-separator has-text-color has-alpha-channel-opacity has-background is-style-wide\" style=\"background-color:#70ad47;color:#70ad47\"\/>\n\n\n\n<div style=\"height:67px\" aria-hidden=\"true\" class=\"wp-block-spacer\"><\/div>\n\n\n\n<div class=\"wp-block-uagb-blockquote uagb-block-1e3adf80 uagb-blockquote__skin-quotation uagb-blockquote__align-center uagb-blockquote__style-style_2 uagb-blockquote__stack-img-none\"><blockquote class=\"uagb-blockquote\"><span class=\"uagb-blockquote__icon\"><svg width=\"20\" height=\"20\" viewBox=\"0 0 32 32\"><path d=\"M7.031 14c3.866 0 7 3.134 7 7s-3.134 7-7 7-7-3.134-7-7l-0.031-1c0-7.732 6.268-14 14-14v4c-2.671 0-5.182 1.040-7.071 2.929-0.364 0.364-0.695 0.751-0.995 1.157 0.357-0.056 0.724-0.086 1.097-0.086zM25.031 14c3.866 0 7 3.134 7 7s-3.134 7-7 7-7-3.134-7-7l-0.031-1c0-7.732 6.268-14 14-14v4c-2.671 0-5.182 1.040-7.071 2.929-0.364 0.364-0.695 0.751-0.995 1.157 0.358-0.056 0.724-0.086 1.097-0.086z\"><\/path><\/svg><\/span><div class=\"uagb-blockquote__content\">Es wird alles immer gleich ein wenig anders, wenn man es ausspricht <\/div><footer><div class=\"uagb-blockquote__author-wrap uagb-blockquote__author-at-left\"><cite class=\"uagb-blockquote__author\"><em>Hermann Hesse<\/em><\/cite><\/div><\/footer><\/blockquote><\/div>\n\n\n\n<p> <\/p>\n\n\n\n<p class=\"has-black-color has-text-color\">Systemische Beratung ist eine Art der psychosozialen Beratung, die sich auf die Interaktionen und Beziehungen zwischen Menschen innerhalb eines Systems konzentriert.<\/p>\n\n\n\n<p class=\"has-black-color has-text-color\">Systemische Beratung kann in vielen Situationen hilfreich sein, insbesondere wenn es darum geht, Probleme oder Herausforderungen in Beziehungen, Familien oder Organisationen zu l\u00f6sen. Hier sind einige Beispiele:<\/p>\n\n\n\n<ul class=\"has-black-color has-text-color wp-block-list\">\n<li>Familienkonflikte<\/li>\n\n\n\n<li>Beziehungsprobleme<\/li>\n\n\n\n<li>Berufliche Herausforderungen<\/li>\n\n\n\n<li>Pers\u00f6nliche Entwicklungsprozesse<\/li>\n<\/ul>\n\n\n\n<p class=\"has-black-color has-text-color has-link-color wp-elements-ef4d1c65980aa2afb88e170abcb8987a\">Ich unterst\u00fctzt Sie dabei, Ihre Perspektive auf die Probleme, die Sie innerhalb des Systems erleben, zu erweitern und alternative Handlungsm\u00f6glichkeiten zu entwickeln. Durch die Systemische Beratung k\u00f6nnen wir auch dazu beitragen, die Kommunikation und Zusammenarbeit innerhalb des Systems zu verbessern und damit die Voraussetzungen f\u00fcr eine nachhaltige Ver\u00e4nderung zu schaffen.<br>F\u00fcr einen unverbindlichen Erstkontakt melden Sie sich einfach <a href=\"https:\/\/tobiaskaspar.de\/?page_id=977\" data-type=\"page\" data-id=\"977\">hier <\/a>an.<\/p>\n\n\n\n<div style=\"height:41px\" aria-hidden=\"true\" class=\"wp-block-spacer\"><\/div>\n\n\n\n<div class=\"wp-block-buttons is-layout-flex wp-block-buttons-is-layout-flex\">\n<div class=\"wp-block-button\"><a class=\"wp-block-button__link wp-element-button\" href=\"https:\/\/tobiaskaspar.de\/?page_id=1324\">Zur\u00fcck<\/a><\/div>\n<\/div>\n\n\n\n<div style=\"height:46px\" aria-hidden=\"true\" class=\"wp-block-spacer\"><\/div>\n\n\n\n<hr class=\"wp-block-separator has-text-color has-alpha-channel-opacity has-background is-style-wide\" style=\"background-color:#646b63;color:#646b63\"\/>\n","protected":false},"excerpt":{"rendered":"<p>Systemische Beratung Systemische Beratung ist eine Art der psychosozialen Beratung, die sich auf die Interaktionen und Beziehungen zwischen Menschen innerhalb eines Systems konzentriert. Systemische Beratung kann in vielen Situationen hilfreich sein, insbesondere wenn es darum geht, Probleme oder Herausforderungen in Beziehungen, Familien oder Organisationen zu l\u00f6sen. Hier sind einige Beispiele: Ich unterst\u00fctzt Sie dabei, Ihre [&hellip;]<\/p>\n","protected":false},"author":1,"featured_media":0,"parent":0,"menu_order":0,"comment_status":"closed","ping_status":"closed","template":"","meta":{"_uag_custom_page_level_css":"","_monsterinsights_skip_tracking":false,"_monsterinsights_sitenote_active":false,"_monsterinsights_sitenote_note":"","_monsterinsights_sitenote_category":0,"site-sidebar-layout":"default","site-content-layout":"","ast-site-content-layout":"","site-content-style":"default","site-sidebar-style":"default","ast-global-header-display":"","ast-banner-title-visibility":"","ast-main-header-display":"","ast-hfb-above-header-display":"","ast-hfb-below-header-display":"","ast-hfb-mobile-header-display":"","site-post-title":"disabled","ast-breadcrumbs-content":"","ast-featured-img":"","footer-sml-layout":"","theme-transparent-header-meta":"","adv-header-id-meta":"","stick-header-meta":"","header-above-stick-meta":"","header-main-stick-meta":"","header-below-stick-meta":"","astra-migrate-meta-layouts":"default","ast-page-background-enabled":"default","ast-page-background-meta":{"desktop":{"background-color":"","background-image":"","background-repeat":"repeat","background-position":"center center","background-size":"auto","background-attachment":"scroll","background-type":"","background-media":"","overlay-type":"","overlay-color":"","overlay-gradient":""},"tablet":{"background-color":"","background-image":"","background-repeat":"repeat","background-position":"center center","background-size":"auto","background-attachment":"scroll","background-type":"","background-media":"","overlay-type":"","overlay-color":"","overlay-gradient":""},"mobile":{"background-color":"","background-image":"","background-repeat":"repeat","background-position":"center center","background-size":"auto","background-attachment":"scroll","background-type":"","background-media":"","overlay-type":"","overlay-color":"","overlay-gradient":""}},"ast-content-background-meta":{"desktop":{"background-color":"var(--ast-global-color-5)","background-image":"","background-repeat":"repeat","background-position":"center center","background-size":"auto","background-attachment":"scroll","background-type":"","background-media":"","overlay-type":"","overlay-color":"","overlay-gradient":""},"tablet":{"background-color":"var(--ast-global-color-5)","background-image":"","background-repeat":"repeat","background-position":"center center","background-size":"auto","background-attachment":"scroll","background-type":"","background-media":"","overlay-type":"","overlay-color":"","overlay-gradient":""},"mobile":{"background-color":"var(--ast-global-color-5)","background-image":"","background-repeat":"repeat","background-position":"center center","background-size":"auto","background-attachment":"scroll","background-type":"","background-media":"","overlay-type":"","overlay-color":"","overlay-gradient":""}},"footnotes":""},"class_list":["post-1331","page","type-page","status-publish","hentry"],"uagb_featured_image_src":{"full":false,"thumbnail":false,"medium":false,"medium_large":false,"large":false,"1536x1536":false,"2048x2048":false},"uagb_author_info":{"display_name":"t.kaspar","author_link":"https:\/\/tobiaskaspar.de\/author\/t-kaspar"},"uagb_comment_info":0,"uagb_excerpt":"Systemische Beratung Systemische Beratung ist eine Art der psychosozialen Beratung, die sich auf die Interaktionen und Beziehungen zwischen Menschen innerhalb eines Systems konzentriert. Systemische Beratung kann in vielen Situationen hilfreich sein, insbesondere wenn es darum geht, Probleme oder Herausforderungen in Beziehungen, Familien oder Organisationen zu l\u00f6sen. Hier sind einige Beispiele: Ich unterst\u00fctzt Sie dabei, Ihre&hellip;","_links":{"self":[{"href":"https:\/\/tobiaskaspar.de\/index.php?rest_route=\/wp\/v2\/pages\/1331","targetHints":{"allow":["GET"]}}],"collection":[{"href":"https:\/\/tobiaskaspar.de\/index.php?rest_route=\/wp\/v2\/pages"}],"about":[{"href":"https:\/\/tobiaskaspar.de\/index.php?rest_route=\/wp\/v2\/types\/page"}],"author":[{"embeddable":true,"href":"https:\/\/tobiaskaspar.de\/index.php?rest_route=\/wp\/v2\/users\/1"}],"replies":[{"embeddable":true,"href":"https:\/\/tobiaskaspar.de\/index.php?rest_route=%2Fwp%2Fv2%2Fcomments&post=1331"}],"version-history":[{"count":11,"href":"https:\/\/tobiaskaspar.de\/index.php?rest_route=\/wp\/v2\/pages\/1331\/revisions"}],"predecessor-version":[{"id":1438,"href":"https:\/\/tobiaskaspar.de\/index.php?rest_route=\/wp\/v2\/pages\/1331\/revisions\/1438"}],"wp:attachment":[{"href":"https:\/\/tobiaskaspar.de\/index.php?rest_route=%2Fwp%2Fv2%2Fmedia&parent=1331"}],"curies":[{"name":"wp","href":"https:\/\/api.w.org\/{rel}","templated":true}]}}