{"id":1266,"date":"2023-12-20T22:42:28","date_gmt":"2023-12-20T21:42:28","guid":{"rendered":"https:\/\/tobiaskaspar.de\/?page_id=1266"},"modified":"2024-12-29T15:10:02","modified_gmt":"2024-12-29T14:10:02","slug":"eine-einfuehrung-ins-brain-gym","status":"publish","type":"page","link":"https:\/\/tobiaskaspar.de\/?page_id=1266","title":{"rendered":"Mit Spiel, Spa\u00df und Leichtigkeit lernen \u2013 Eine Einf\u00fchrung ins Brain Gym \u00ae"},"content":{"rendered":"<nav class=\"is-responsive items-justified-center wp-block-navigation is-content-justification-center is-layout-flex wp-container-core-navigation-is-layout-a89b3969 wp-block-navigation-is-layout-flex\" aria-label=\"Men\u00fc (2)\" \n\t\t data-wp-interactive=\"core\/navigation\" data-wp-context='{\"overlayOpenedBy\":{\"click\":false,\"hover\":false,\"focus\":false},\"type\":\"overlay\",\"roleAttribute\":\"\",\"ariaLabel\":\"Men\\u00fc\"}'><button aria-haspopup=\"dialog\" aria-label=\"Men\u00fc \u00f6ffnen\" class=\"wp-block-navigation__responsive-container-open\" \n\t\t\t\tdata-wp-on--click=\"actions.openMenuOnClick\"\n\t\t\t\tdata-wp-on--keydown=\"actions.handleMenuKeydown\"\n\t\t\t><svg width=\"24\" height=\"24\" xmlns=\"http:\/\/www.w3.org\/2000\/svg\" viewBox=\"0 0 24 24\" aria-hidden=\"true\" focusable=\"false\"><path d=\"M4 7.5h16v1.5H4z\"><\/path><path d=\"M4 15h16v1.5H4z\"><\/path><\/svg><\/button>\n\t\t\t\t<div class=\"wp-block-navigation__responsive-container\"  id=\"modal-1\" \n\t\t\t\tdata-wp-class--has-modal-open=\"state.isMenuOpen\"\n\t\t\t\tdata-wp-class--is-menu-open=\"state.isMenuOpen\"\n\t\t\t\tdata-wp-watch=\"callbacks.initMenu\"\n\t\t\t\tdata-wp-on--keydown=\"actions.handleMenuKeydown\"\n\t\t\t\tdata-wp-on--focusout=\"actions.handleMenuFocusout\"\n\t\t\t\ttabindex=\"-1\"\n\t\t\t>\n\t\t\t\t\t<div class=\"wp-block-navigation__responsive-close\" tabindex=\"-1\">\n\t\t\t\t\t\t<div class=\"wp-block-navigation__responsive-dialog\" \n\t\t\t\tdata-wp-bind--aria-modal=\"state.ariaModal\"\n\t\t\t\tdata-wp-bind--aria-label=\"state.ariaLabel\"\n\t\t\t\tdata-wp-bind--role=\"state.roleAttribute\"\n\t\t\t>\n\t\t\t\t\t\t\t<button aria-label=\"Men\u00fc schlie\u00dfen\" class=\"wp-block-navigation__responsive-container-close\" \n\t\t\t\tdata-wp-on--click=\"actions.closeMenuOnClick\"\n\t\t\t><svg xmlns=\"http:\/\/www.w3.org\/2000\/svg\" viewBox=\"0 0 24 24\" width=\"24\" height=\"24\" aria-hidden=\"true\" focusable=\"false\"><path d=\"m13.06 12 6.47-6.47-1.06-1.06L12 10.94 5.53 4.47 4.47 5.53 10.94 12l-6.47 6.47 1.06 1.06L12 13.06l6.47 6.47 1.06-1.06L13.06 12Z\"><\/path><\/svg><\/button>\n\t\t\t\t\t\t\t<div class=\"wp-block-navigation__responsive-container-content\" \n\t\t\t\tdata-wp-watch=\"callbacks.focusFirstElement\"\n\t\t\t id=\"modal-1-content\">\n\t\t\t\t\t\t\t\t<ul class=\"wp-block-navigation__container is-responsive items-justified-center wp-block-navigation\"><li class=\" wp-block-navigation-item wp-block-navigation-link\"><a class=\"wp-block-navigation-item__content\"  href=\"https:\/\/tobiaskaspar.de\/?page_id=909\"><span class=\"wp-block-navigation-item__label\">Home<\/span><\/a><\/li><li class=\" wp-block-navigation-item wp-block-navigation-link\"><a class=\"wp-block-navigation-item__content\"  href=\"https:\/\/tobiaskaspar.de\/?page_id=881\"><span class=\"wp-block-navigation-item__label\">\u00dcber mich<\/span><\/a><\/li><li class=\" wp-block-navigation-item wp-block-navigation-link\"><a class=\"wp-block-navigation-item__content\"  href=\"https:\/\/tobiaskaspar.de\/?page_id=1324\"><span class=\"wp-block-navigation-item__label\">Angebote<\/span><\/a><\/li><li class=\" wp-block-navigation-item wp-block-navigation-link\"><a class=\"wp-block-navigation-item__content\"  href=\"https:\/\/tobiaskaspar.de\/?page_id=883\"><span class=\"wp-block-navigation-item__label\">Gordon Familientraining<\/span><\/a><\/li><li class=\" wp-block-navigation-item wp-block-navigation-link\"><a class=\"wp-block-navigation-item__content\"  href=\"https:\/\/tobiaskaspar.de\/?page_id=884\"><span class=\"wp-block-navigation-item__label\">Kooperationspartner<\/span><\/a><\/li><li class=\" wp-block-navigation-item wp-block-navigation-link\"><a class=\"wp-block-navigation-item__content\"  href=\"https:\/\/tobiaskaspar.de\/?page_id=977\"><span class=\"wp-block-navigation-item__label\">Anmelden<\/span><\/a><\/li><\/ul>\n\t\t\t\t\t\t\t<\/div>\n\t\t\t\t\t\t<\/div>\n\t\t\t\t\t<\/div>\n\t\t\t\t<\/div><\/nav>\n\n\n<div style=\"height:70px\" aria-hidden=\"true\" class=\"wp-block-spacer\"><\/div>\n\n\n\n<h3 class=\"wp-block-heading\"><strong>Mit Spiel, Spa\u00df und Leichtigkeit lernen \u2013 Eine Einf\u00fchrung ins Brain Gym \u00ae<\/strong><\/h3>\n\n\n\n<hr class=\"wp-block-separator has-text-color has-alpha-channel-opacity has-background is-style-wide\" style=\"background-color:#70ad47;color:#70ad47\"\/>\n\n\n\n<div style=\"height:46px\" aria-hidden=\"true\" class=\"wp-block-spacer\"><\/div>\n\n\n\n<p class=\"has-black-color has-text-color has-link-color wp-elements-76924ba7d0eaa506e8909d2b60a8447d\">Die Methode \u201eBrain Gym\u00ae\u201c nutzt gezielte, einfache Bewegungs\u00fcbungen, um das Lernen, die Konzentration und das Wohlbefinden zu unterst\u00fctzen. Basierend auf kinesiologischen Erkenntnissen stellt Brain Gym\u00ae eine Br\u00fccke zwischen Bewegung und Gehirnleistung her.<br><br>Vorteile des Kurses<br>Ihr Kenntnisgewinn:<br>Lernmodelle und Lerntypen: Die Fortbildung geht auf verschiedene Lerntypen und Lernmodelle ein und zeigt, die unterschiedlichen Bedarfe auf.<br>\u00dcbungen und Spiele: Sie lernen einige der 26 Brain Gym\u00ae \u00dcbungen kennen und erfahren, wie sie diese spielerisch im Alltag und im p\u00e4dagogisch\/ therapeutischen Kontext einsetzen k\u00f6nnen.<br>Praxisnahes Arbeiten: Anhand konkreter Beispiele und Reflexionen erleben Sie selbst die positiven Effekte. Durch einen dokumentierten Praxistransfair erfahren Sie, wie Sie erste Brain Gym\u00ae \u00dcbungen gezielt in Ihrem beruflichen und privaten Umfeld einsetzen k\u00f6nnen und reflektieren die erlebten Ver\u00e4nderungen.<br><br>Umfang\/ Preis<br>2x 3 Zeitstunden<br>85,00\u20ac\/ Teilnehmenden, inkl. Zertifizierung<br><br>Teilnahmenachweis<br>Teilnehmerzertifikat <br><br>Zielgruppe<br>Eltern und Schul-\/Lernbegleiter, die mehr \u00fcber unterst\u00fctzende Bewegungsans\u00e4tze f\u00fcr das Lernen ihrer Kinder erfahren m\u00f6chten.<br>P\u00e4dagogische Fachkr\u00e4fte, die neue Methoden zur Lernf\u00f6rderung und Konzentrationssteigerung kennenlernen m\u00f6chten.<br>Therapeuten und Berater, die mit Kindern, Jugendlichen oder Erwachsenen arbeiten und Bewegung in ihren Ansatz integrieren m\u00f6chten.<br><br>Alle, die Interesse an Neuem haben<br><br>Termine\/ Veranstaltungsort <br>Pr\u00e4senztermine: (jeweils 17:00 Uhr bis 20:00 Uhr)<br>Kurs 1: 25.03.2025 + 28.04.2025<br>Kurs 2: 21.08.2025 + 18.09.2025<br>Kurs 3: 15.01.2026 + 26.02.2026<br>Ort: Grasweg 15, 37191 Katlenburg Lindau<br><br>Bitte bringen Sie sich ausreichend Wasser zum Kurs mit.<br><br>5 FAQ<br>1.Was ist Brain Gym\u00ae?<br>Brain Gym ist eine Methode, die aus einer Reihe von Bewegungs\u00fcbungen besteht, die die Lernf\u00e4higkeit und die kognitiven Funktionen unterst\u00fctzen. Entwickelt von Dr. Paul Dennison in den 1980er Jahren, basiert sie auf der Annahme, dass bestimmte k\u00f6rperliche Aktivit\u00e4ten die Zusammenarbeit zwischen den beiden Gehirnh\u00e4lften f\u00f6rdern und dadurch Konzentration, Ged\u00e4chtnis und Lernf\u00e4higkeiten verbessern.<br><br>2.Wie funktioniert Brain Gym\u00ae?<br>Brain Gym basiert auf der Theorie, dass bestimmte Bewegungen die Kommunikation zwischen den Hirnh\u00e4lften stimulieren und f\u00f6rdern k\u00f6nnen. \u00dcbungen wie \u201e\u00dcberkreuzbewegungen\u201c oder \u201eHirnkn\u00f6pfe\u201c sollen dabei helfen, die neuronalen Verbindungen im Gehirn zu aktivieren. Diese Bewegungen werden oft vor dem Lernen oder bei Konzentrationsschwierigkeiten angewendet.<br><br>3.Wie dauern lange Brain Gym\u00ae \u00dcbungen?<br>Die meisten Brain Gym\u00ae \u00dcbungen dauern nur wenige Minuten und lassen sich leicht in den Alltag integrieren. Einzelne \u00dcbungen wie die \u201e\u00dcberkreuzbewegung\u201c oder \u201ePositive Punkte\u201c sind in weniger als einer Minute durchf\u00fchrbar. Eine komplette Einheit aus mehreren \u00dcbungen kann auch 10 bis 20 Minuten in Anspruch nehmen, je nachdem, wie viele Bewegungen eingebunden werden.<br><br>4.K\u00f6nnen Eltern Brain Gym\u00ae zu Hause mit Kindern anwenden?<br>Eltern k\u00f6nnen einfache Brain Gym\u00ae \u00dcbungen wie \u201e\u00dcberkreuzbewegungen\u201c oder \u201eElefanten\u201c mit ihren Kindern zu Hause \u00fcben. Diese \u00dcbungen lassen sich leicht in den Alltag integrieren und eignen sich gut als kurze Bewegungspausen beim Lernen oder bei Hausaufgaben. Es ist jedoch ratsam, sich zuerst in die Grundlagen der \u00dcbungen einzuarbeiten, um sicherzustellen, dass sie korrekt ausgef\u00fchrt werden.<br><br>5.Kann Brain Gym\u00ae auch bei Erwachsenen angewendet, z. B. im Berufsleben?<br>Ja, Brain Gym\u00ae \u00dcbungen k\u00f6nnen im Arbeitsumfeld eingesetzt werden, um Konzentration und Stressbew\u00e4ltigung zu f\u00f6rdern. Besonders in Berufen, die mit hoher kognitiver Belastung verbunden sind, oder bei B\u00fcroarbeit, bei der oft lange in einer Position gearbeitet wird, k\u00f6nnen kurze Bewegungseinheiten wie Brain Gym\u00ae hilfreich sein.<br><br>Dieses Seminar ist auch als Inhouse-Veranstaltung f\u00fcr Firmen, Arztpraxen, Kitas, Schulen, und andere Einrichtungen buchbar.  Gern erstellen wir Ihnen ein individuelles Angebot.<br><\/p>\n\n\n\n<div style=\"height:65px\" aria-hidden=\"true\" class=\"wp-block-spacer\"><\/div>\n\n\n\n<div class=\"wp-block-buttons is-layout-flex wp-block-buttons-is-layout-flex\">\n<div class=\"wp-block-button\"><a class=\"wp-block-button__link wp-element-button\" href=\"https:\/\/tobiaskaspar.de\/?page_id=977\">Hier Anmelden<\/a><\/div>\n\n\n\n<div class=\"wp-block-button\"><a class=\"wp-block-button__link wp-element-button\" href=\"https:\/\/tobiaskaspar.de\/?page_id=882\">Zur\u00fcck<\/a><\/div>\n<\/div>\n\n\n\n<div style=\"height:78px\" aria-hidden=\"true\" class=\"wp-block-spacer\"><\/div>\n\n\n\n<hr class=\"wp-block-separator has-text-color has-alpha-channel-opacity has-background is-style-wide\" style=\"background-color:#646b63;color:#646b63\"\/>\n","protected":false},"excerpt":{"rendered":"<p>Mit Spiel, Spa\u00df und Leichtigkeit lernen \u2013 Eine Einf\u00fchrung ins Brain Gym \u00ae Die Methode \u201eBrain Gym\u00ae\u201c nutzt gezielte, einfache Bewegungs\u00fcbungen, um das Lernen, die Konzentration und das Wohlbefinden zu unterst\u00fctzen. Basierend auf kinesiologischen Erkenntnissen stellt Brain Gym\u00ae eine Br\u00fccke zwischen Bewegung und Gehirnleistung her. Vorteile des KursesIhr Kenntnisgewinn:Lernmodelle und Lerntypen: Die Fortbildung geht auf [&hellip;]<\/p>\n","protected":false},"author":1,"featured_media":0,"parent":0,"menu_order":0,"comment_status":"closed","ping_status":"closed","template":"","meta":{"_uag_custom_page_level_css":"","_monsterinsights_skip_tracking":false,"_monsterinsights_sitenote_active":false,"_monsterinsights_sitenote_note":"","_monsterinsights_sitenote_category":0,"site-sidebar-layout":"default","site-content-layout":"","ast-site-content-layout":"default","site-content-style":"default","site-sidebar-style":"default","ast-global-header-display":"","ast-banner-title-visibility":"","ast-main-header-display":"","ast-hfb-above-header-display":"","ast-hfb-below-header-display":"","ast-hfb-mobile-header-display":"","site-post-title":"disabled","ast-breadcrumbs-content":"","ast-featured-img":"","footer-sml-layout":"","theme-transparent-header-meta":"","adv-header-id-meta":"","stick-header-meta":"","header-above-stick-meta":"","header-main-stick-meta":"","header-below-stick-meta":"","astra-migrate-meta-layouts":"set","ast-page-background-enabled":"default","ast-page-background-meta":{"desktop":{"background-color":"","background-image":"","background-repeat":"repeat","background-position":"center center","background-size":"auto","background-attachment":"scroll","background-type":"","background-media":"","overlay-type":"","overlay-color":"","overlay-gradient":""},"tablet":{"background-color":"","background-image":"","background-repeat":"repeat","background-position":"center center","background-size":"auto","background-attachment":"scroll","background-type":"","background-media":"","overlay-type":"","overlay-color":"","overlay-gradient":""},"mobile":{"background-color":"","background-image":"","background-repeat":"repeat","background-position":"center center","background-size":"auto","background-attachment":"scroll","background-type":"","background-media":"","overlay-type":"","overlay-color":"","overlay-gradient":""}},"ast-content-background-meta":{"desktop":{"background-color":"var(--ast-global-color-5)","background-image":"","background-repeat":"repeat","background-position":"center center","background-size":"auto","background-attachment":"scroll","background-type":"","background-media":"","overlay-type":"","overlay-color":"","overlay-gradient":""},"tablet":{"background-color":"var(--ast-global-color-5)","background-image":"","background-repeat":"repeat","background-position":"center center","background-size":"auto","background-attachment":"scroll","background-type":"","background-media":"","overlay-type":"","overlay-color":"","overlay-gradient":""},"mobile":{"background-color":"var(--ast-global-color-5)","background-image":"","background-repeat":"repeat","background-position":"center center","background-size":"auto","background-attachment":"scroll","background-type":"","background-media":"","overlay-type":"","overlay-color":"","overlay-gradient":""}},"footnotes":""},"class_list":["post-1266","page","type-page","status-publish","hentry"],"uagb_featured_image_src":{"full":false,"thumbnail":false,"medium":false,"medium_large":false,"large":false,"1536x1536":false,"2048x2048":false},"uagb_author_info":{"display_name":"t.kaspar","author_link":"https:\/\/tobiaskaspar.de\/author\/t-kaspar"},"uagb_comment_info":0,"uagb_excerpt":"Mit Spiel, Spa\u00df und Leichtigkeit lernen \u2013 Eine Einf\u00fchrung ins Brain Gym \u00ae Die Methode \u201eBrain Gym\u00ae\u201c nutzt gezielte, einfache Bewegungs\u00fcbungen, um das Lernen, die Konzentration und das Wohlbefinden zu unterst\u00fctzen. Basierend auf kinesiologischen Erkenntnissen stellt Brain Gym\u00ae eine Br\u00fccke zwischen Bewegung und Gehirnleistung her. Vorteile des KursesIhr Kenntnisgewinn:Lernmodelle und Lerntypen: Die Fortbildung geht auf&hellip;","_links":{"self":[{"href":"https:\/\/tobiaskaspar.de\/index.php?rest_route=\/wp\/v2\/pages\/1266","targetHints":{"allow":["GET"]}}],"collection":[{"href":"https:\/\/tobiaskaspar.de\/index.php?rest_route=\/wp\/v2\/pages"}],"about":[{"href":"https:\/\/tobiaskaspar.de\/index.php?rest_route=\/wp\/v2\/types\/page"}],"author":[{"embeddable":true,"href":"https:\/\/tobiaskaspar.de\/index.php?rest_route=\/wp\/v2\/users\/1"}],"replies":[{"embeddable":true,"href":"https:\/\/tobiaskaspar.de\/index.php?rest_route=%2Fwp%2Fv2%2Fcomments&post=1266"}],"version-history":[{"count":10,"href":"https:\/\/tobiaskaspar.de\/index.php?rest_route=\/wp\/v2\/pages\/1266\/revisions"}],"predecessor-version":[{"id":1538,"href":"https:\/\/tobiaskaspar.de\/index.php?rest_route=\/wp\/v2\/pages\/1266\/revisions\/1538"}],"wp:attachment":[{"href":"https:\/\/tobiaskaspar.de\/index.php?rest_route=%2Fwp%2Fv2%2Fmedia&parent=1266"}],"curies":[{"name":"wp","href":"https:\/\/api.w.org\/{rel}","templated":true}]}}